{"id":935,"date":"2017-06-28T17:10:53","date_gmt":"2017-06-28T22:10:53","guid":{"rendered":"https:\/\/www.innovaschools.edu.pe\/?page_id=935"},"modified":"2023-06-09T15:21:14","modified_gmt":"2023-06-09T20:21:14","slug":"quieres-trabajar-en-innova-schools","status":"publish","type":"page","link":"https:\/\/www.innovaschools.edu.pe\/legacy\/preguntas-frecuentes\/quieres-trabajar-en-innova-schools\/","title":{"rendered":"\u00bfQuieres trabajar en Innova Schools?"},"content":{"rendered":"\n\n\t\t\t<button tabindex=\"0\" role=\"button\" aria-label=\"Menu\">\n\t\t\t\t\t\t\t<\/button>\n\t<nav aria-label=\"Preguntas Frecuentes\" itemscope=\"itemscope\" itemtype=\"https:\/\/schema.org\/SiteNavigationElement\">\n\t\t<ul id=\"menu-preguntas-frecuentes\"><li id=\"menu-item-940\"><a href=\"https:\/\/www.innovaschools.edu.pe\/preguntas-frecuentes\/admision\/\" tabindex=\"0\" role=\"link\">Admisi\u00f3n 2023<\/a><\/li><li id=\"menu-item-939\"><a href=\"https:\/\/www.innovaschools.edu.pe\/preguntas-frecuentes\/metodologia-innova\/\" tabindex=\"0\" role=\"link\">Metodolog\u00eda Innova<\/a><\/li><li id=\"menu-item-938\"><a href=\"https:\/\/www.innovaschools.edu.pe\/preguntas-frecuentes\/dia-a-dia-con-innova-schools\/\" tabindex=\"0\" role=\"link\">D\u00eda a D\u00eda con Innova Schools<\/a><\/li><li id=\"menu-item-937\"><a href=\"https:\/\/www.innovaschools.edu.pe\/preguntas-frecuentes\/quieres-trabajar-en-innova-schools\/\" aria-current=\"page\" tabindex=\"0\" role=\"link\">\u00bfQuieres trabajar en Innova Schools?<\/a><\/li><\/ul>\n\t\t\t<\/nav>\n<h1>\n\t\tFAQ &#8211; \u00bfQuieres trabajar con nosotros?\n\t<\/h1>\n\t\t\t\t\u00bfQuiero ense\u00f1ar en Innova \u00bfcon qui\u00e9n me comunico?\n\t\t\t\t<p>En nuestra web destaca una secci\u00f3n llamada Trabaja en Innova Schools, donde puedes ver las ofertas laborales disponibles y enviarnos tu CV.<\/p>\n<p>Puedes acceder a esa secci\u00f3n en el siguiente link: <a href=\"https:\/\/tcn.www.innovaschools.edu.pe\/\">Trabaja con Nosotros<\/a><\/p>\n\t\t\t\tQuiero ense\u00f1ar en Innova Schools, pero mi experiencia ha sido siempre con la metodolog\u00eda tradicional.\n\t\t\t\t<p>En nuestro proceso de selecci\u00f3n no evaluamos tu experiencia sino tu capacidad para adaptarte al cambio. Si eres seleccionado, pasar\u00e1s por capacitaciones constantes acerca de nuestra propuesta educativa y las estrategias pedag\u00f3gicas particulares que caracterizan nuestra metodolog\u00eda de ense\u00f1anza.<\/p>\n\t\t\t\t\u00bfCu\u00e1l es el horario de trabajo de un profesor en Innova Schools?\n\t\t\t\t<p>El horario de trabajo para los profesores es el siguiente:<\/p>\n<p>Lunes, mi\u00e9rcoles, viernes: De 7:20 a.m. a 3:15 p.m.<\/p>\n<p>Martes y jueves: De 7:20 a.m. a 5:00 p.m.<\/p>\n\t\t\t\t\u00bfCu\u00e1ntas horas pedag\u00f3gicas son a la semana?\n\t\t\t\t<p>Depende de la especialidad del docente y de cu\u00e1ntas aulas tenga asignadas. Normalmente es un promedio de 28 a 30 horas a la semana.<\/p>\n\t\t\t\t\u00bfQu\u00e9 beneficios tienen los profesores en Innova Schools?\n\t\t\t\t<h4>Beneficios de la ley:<\/h4>\n<p>Todos nuestros profesores est\u00e1n contratados bajo la modalidad de planilla, por lo tanto tienen acceso a todos los beneficios que la ley otorga: Vacaciones pagadas, CTS, gratificaciones, EsSalud y asignaci\u00f3n familiar. Por otro lado, tambi\u00e9n tienen la opci\u00f3n de afiliarse voluntariamente a una EPS con tarifa corporativa.<\/p>\n<h4>Capacitaciones constantes sin costo:<\/h4>\n<p>Antes de ingresar a la red INNOVA SCHOOLS, nuestros profesores son capacitados en nuestra propuesta educativa y las estrategias pedag\u00f3gicas particulares que caracterizan nuestra metodolog\u00eda de ense\u00f1anza. En el transcurso del a\u00f1o escolar, nuestros profesores reciben m\u00e1s de 120 horas de capacitaciones presenciales y virtuales enfocadas en nuestra metodolog\u00eda, estrategias de ense\u00f1anza, uso de tecnolog\u00edas educativas, manejo del aula, entre otros. Este programa de capacitaci\u00f3n se extiende durante todos los a\u00f1os de permanencia del profesor en INNOVA SCHOOLS.<\/p>\n<h4>L\u00ednea de carrera:<\/h4>\n<p>Ofrecemos a nuestros profesores una clara l\u00ednea de carrera basada en el desempe\u00f1o de cada uno seg\u00fan las evaluaciones constantes que realizamos y en las observaciones de clase a lo largo del de a\u00f1o. Parte de nuestro compromiso con la comunidad es brindarles a nuestros colaboradores la oportunidad de crecer en lo personal y profesional. Es por esto, que nuestros profesores tienen acceso a la siguiente l\u00ednea de carrera: Profesor Innova (reci\u00e9n egresado), Innova Experto, Innova Mentor y por \u00faltimo Innova Monitor.<\/p>\n<h4>Descuentos corporativos:<\/h4>\n<p>Nuestros profesores tienen 50% de descuento en las pensiones si inscriben a sus hijos en Innova Schools. Adem\u00e1s, por ser parte del grupo Intercorp, acceden a descuentos corportativos en las empresas del grupo.<\/p>\n<h4>Cuponera de tiempo libre:<\/h4>\n<p>Cada a\u00f1o se hace entrega de una cuponera de tiempo lbre para ser utilizada durante el a\u00f1o escolar.<\/p>\n\t\t\t\t\u00bfNuestros profesores deben llevar su propio material para preparar las clases?\n<p>No, Innova Schools entrega todo el material necesario para el desarrollo de las clases.<\/p>\n\n","protected":false},"excerpt":{"rendered":"<p>Admisi\u00f3n 2023 Metodolog\u00eda Innova D\u00eda a D\u00eda con Innova Schools \u00bfQuieres trabajar en Innova Schools? FAQ &#8211; \u00bfQuieres trabajar con nosotros? \u00bfQuiero ense\u00f1ar en Innova \u00bfcon qui\u00e9n me comunico? En nuestra web destaca una secci\u00f3n llamada Trabaja en Innova Schools, donde puedes ver las ofertas laborales disponibles y enviarnos tu CV. Puedes acceder a esa&hellip;<\/p>\n","protected":false},"author":3,"featured_media":0,"parent":51,"menu_order":0,"comment_status":"closed","ping_status":"closed","template":"","meta":{"footnotes":""},"class_list":["post-935","page","type-page","status-publish","hentry"],"yoast_head":"<!-- This site is optimized with the Yoast SEO plugin v26.2 - https:\/\/yoast.com\/wordpress\/plugins\/seo\/ -->\n<title>Preguntas Frecuentes - Trabajar en Innova Schools<\/title>\n<meta name=\"description\" content=\"Quieres trabajar en Innova Schools? Aqu\u00ed puedes leer las preguntas m\u00e1s frecuentes sobre Innova Schools.\" \/>\n<meta name=\"robots\" content=\"index, follow, max-snippet:-1, max-image-preview:large, max-video-preview:-1\" \/>\n<link rel=\"canonical\" href=\"https:\/\/www.innovaschools.edu.pe\/preguntas-frecuentes\/quieres-trabajar-en-innova-schools\/\" \/>\n<meta property=\"og:locale\" content=\"es_ES\" \/>\n<meta property=\"og:type\" content=\"article\" \/>\n<meta property=\"og:title\" content=\"Preguntas Frecuentes - Trabajar en Innova Schools\" \/>\n<meta property=\"og:description\" content=\"Quieres trabajar en Innova Schools? Aqu\u00ed puedes leer las preguntas m\u00e1s frecuentes sobre Innova Schools.\" \/>\n<meta property=\"og:url\" content=\"https:\/\/www.innovaschools.edu.pe\/preguntas-frecuentes\/quieres-trabajar-en-innova-schools\/\" \/>\n<meta property=\"og:site_name\" content=\"Colegios Innova Schools\" \/>\n<meta property=\"article:modified_time\" content=\"2023-06-09T20:21:14+00:00\" \/>\n<meta name=\"twitter:card\" content=\"summary_large_image\" \/>\n<meta name=\"twitter:label1\" content=\"Tiempo de lectura\" \/>\n\t<meta name=\"twitter:data1\" content=\"3 minutos\" \/>\n<!-- \/ Yoast SEO plugin. -->","yoast_head_json":{"title":"Preguntas Frecuentes - Trabajar en Innova Schools","description":"Quieres trabajar en Innova Schools? Aqu\u00ed puedes leer las preguntas m\u00e1s frecuentes sobre Innova Schools.","robots":{"index":"index","follow":"follow","max-snippet":"max-snippet:-1","max-image-preview":"max-image-preview:large","max-video-preview":"max-video-preview:-1"},"canonical":"https:\/\/www.innovaschools.edu.pe\/preguntas-frecuentes\/quieres-trabajar-en-innova-schools\/","og_locale":"es_ES","og_type":"article","og_title":"Preguntas Frecuentes - Trabajar en Innova Schools","og_description":"Quieres trabajar en Innova Schools? Aqu\u00ed puedes leer las preguntas m\u00e1s frecuentes sobre Innova Schools.","og_url":"https:\/\/www.innovaschools.edu.pe\/preguntas-frecuentes\/quieres-trabajar-en-innova-schools\/","og_site_name":"Colegios Innova Schools","article_modified_time":"2023-06-09T20:21:14+00:00","twitter_card":"summary_large_image","twitter_misc":{"Tiempo de lectura":"3 minutos"},"schema":{"@context":"https:\/\/schema.org","@graph":[{"@type":"WebPage","@id":"https:\/\/www.innovaschools.edu.pe\/preguntas-frecuentes\/quieres-trabajar-en-innova-schools\/","url":"https:\/\/www.innovaschools.edu.pe\/preguntas-frecuentes\/quieres-trabajar-en-innova-schools\/","name":"Preguntas Frecuentes - Trabajar en Innova Schools","isPartOf":{"@id":"https:\/\/www.innovaschools.edu.pe\/#website"},"datePublished":"2017-06-28T22:10:53+00:00","dateModified":"2023-06-09T20:21:14+00:00","description":"Quieres trabajar en Innova Schools? Aqu\u00ed puedes leer las preguntas m\u00e1s frecuentes sobre Innova Schools.","breadcrumb":{"@id":"https:\/\/www.innovaschools.edu.pe\/preguntas-frecuentes\/quieres-trabajar-en-innova-schools\/#breadcrumb"},"inLanguage":"es","potentialAction":[{"@type":"ReadAction","target":["https:\/\/www.innovaschools.edu.pe\/preguntas-frecuentes\/quieres-trabajar-en-innova-schools\/"]}]},{"@type":"BreadcrumbList","@id":"https:\/\/www.innovaschools.edu.pe\/preguntas-frecuentes\/quieres-trabajar-en-innova-schools\/#breadcrumb","itemListElement":[{"@type":"ListItem","position":1,"name":"Home","item":"https:\/\/www.innovaschools.edu.pe\/"},{"@type":"ListItem","position":2,"name":"Preguntas Frecuentes","item":"https:\/\/www.innovaschools.edu.pe\/preguntas-frecuentes\/"},{"@type":"ListItem","position":3,"name":"\u00bfQuieres trabajar en Innova Schools?"}]},{"@type":"WebSite","@id":"https:\/\/www.innovaschools.edu.pe\/#website","url":"https:\/\/www.innovaschools.edu.pe\/","name":"Colegios Innova Schools","description":"","publisher":{"@id":"https:\/\/www.innovaschools.edu.pe\/#organization"},"potentialAction":[{"@type":"SearchAction","target":{"@type":"EntryPoint","urlTemplate":"https:\/\/www.innovaschools.edu.pe\/?s={search_term_string}"},"query-input":{"@type":"PropertyValueSpecification","valueRequired":true,"valueName":"search_term_string"}}],"inLanguage":"es"},{"@type":"Organization","@id":"https:\/\/www.innovaschools.edu.pe\/#organization","name":"Colegios Innova Schools","url":"https:\/\/www.innovaschools.edu.pe\/","logo":{"@type":"ImageObject","inLanguage":"es","@id":"https:\/\/www.innovaschools.edu.pe\/#\/schema\/logo\/image\/","url":"https:\/\/www.innovaschools.edu.pe\/wp-content\/uploads\/2017\/05\/Innova-logo-normal.png","contentUrl":"https:\/\/www.innovaschools.edu.pe\/wp-content\/uploads\/2017\/05\/Innova-logo-normal.png","width":201,"height":91,"caption":"Colegios Innova Schools"},"image":{"@id":"https:\/\/www.innovaschools.edu.pe\/#\/schema\/logo\/image\/"}}]}},"_links":{"self":[{"href":"https:\/\/www.innovaschools.edu.pe\/legacy\/wp-json\/wp\/v2\/pages\/935","targetHints":{"allow":["GET"]}}],"collection":[{"href":"https:\/\/www.innovaschools.edu.pe\/legacy\/wp-json\/wp\/v2\/pages"}],"about":[{"href":"https:\/\/www.innovaschools.edu.pe\/legacy\/wp-json\/wp\/v2\/types\/page"}],"author":[{"embeddable":true,"href":"https:\/\/www.innovaschools.edu.pe\/legacy\/wp-json\/wp\/v2\/users\/3"}],"replies":[{"embeddable":true,"href":"https:\/\/www.innovaschools.edu.pe\/legacy\/wp-json\/wp\/v2\/comments?post=935"}],"version-history":[{"count":3,"href":"https:\/\/www.innovaschools.edu.pe\/legacy\/wp-json\/wp\/v2\/pages\/935\/revisions"}],"predecessor-version":[{"id":8148,"href":"https:\/\/www.innovaschools.edu.pe\/legacy\/wp-json\/wp\/v2\/pages\/935\/revisions\/8148"}],"up":[{"embeddable":true,"href":"https:\/\/www.innovaschools.edu.pe\/legacy\/wp-json\/wp\/v2\/pages\/51"}],"wp:attachment":[{"href":"https:\/\/www.innovaschools.edu.pe\/legacy\/wp-json\/wp\/v2\/media?parent=935"}],"curies":[{"name":"wp","href":"https:\/\/api.w.org\/{rel}","templated":true}]}}