{"id":933,"date":"2017-06-28T17:10:23","date_gmt":"2017-06-28T22:10:23","guid":{"rendered":"https:\/\/www.innovaschools.edu.pe\/?page_id=933"},"modified":"2026-03-09T12:16:45","modified_gmt":"2026-03-09T17:16:45","slug":"dia-a-dia-con-innova-schools","status":"publish","type":"page","link":"https:\/\/www.innovaschools.edu.pe\/legacy\/preguntas-frecuentes\/dia-a-dia-con-innova-schools\/","title":{"rendered":"D\u00eda a D\u00eda con Innova Schools"},"content":{"rendered":"\n\tClick here to edit the announcement-bar module. This text is only for editing and will disappear after you publish the changes.\n\t\t\t\t\t\t<p>\u00a1Participa en nuestro Evento virtual este Jueves 12 de marzo! <strong><a href=\"https:\/\/www.innovaschools.edu.pe\/lp\/eventos\/vive-innova\/?ref_click=cintillo_faqs_dia\">Reg\u00edstrate aqu\u00ed<\/a><\/strong>.<\/p>\n\t\t\t<button tabindex=\"0\" aria-label=\"Menu\" aria-expanded=\"false\">\n\t\t\t\t\t\t\t<\/button>\n\t<nav aria-label=\"Menu\" itemscope=\"itemscope\" itemtype=\"https:\/\/schema.org\/SiteNavigationElement\">\n\t\t<ul id=\"menu-preguntas-frecuentes\"><li id=\"menu-item-940\"><a href=\"https:\/\/www.innovaschools.edu.pe\/preguntas-frecuentes\/admision\/\">Admisi\u00f3n 2026<\/a><\/li><li id=\"menu-item-939\"><a href=\"https:\/\/www.innovaschools.edu.pe\/preguntas-frecuentes\/metodologia-innova\/\">Metodolog\u00eda Innova<\/a><\/li><li id=\"menu-item-938\"><a href=\"https:\/\/www.innovaschools.edu.pe\/preguntas-frecuentes\/dia-a-dia-con-innova-schools\/\" aria-current=\"page\">D\u00eda a D\u00eda con Innova Schools<\/a><\/li><li id=\"menu-item-937\"><a href=\"https:\/\/www.innovaschools.edu.pe\/preguntas-frecuentes\/quieres-trabajar-en-innova-schools\/\">\u00bfQuieres trabajar en Innova Schools?<\/a><\/li><\/ul>\t<\/nav>\n<h1>\n\t\t\tFAQ &#8211; D\u00eda a d\u00eda con Innova\t<\/h1>\n\t\t\t\t\u00bfCu\u00e1l es la capacidad de alumnos por sal\u00f3n aproximadamente?\n\t\t\t\t<p>Nuestras aulas han sido dise\u00f1adas para promover el aprendizaje grupal e individual. Conoce la cantidad de estudiantes que tenemos por sal\u00f3n:<\/p>\n<p>Inicial<br \/>3 a\u00f1os: 20 ni\u00f1os<br \/>4 a\u00f1os: 22 ni\u00f1os<br \/>5 a\u00f1os: 25 ni\u00f1os<\/p>\n<p>Primaria: Hasta 32 estudiantes<\/p>\n<p>Secundaria: Hasta 35 estudiantes<\/p>\n\t\t\t\t\u00bfCu\u00e1l es el horario de clases en Innova Schools?\n\t\t\t\t<p>Inicial: 8:00 a.m. a 1:30 p.m.<\/p>\n<p>Primaria y Secundaria: 7:35 a.m. &#8211; 2:50 p.m.<\/p>\n<p>(*) Puede variar unos minutos seg\u00fan algunas circunstancias y situaciones distintas en cada sede.<\/p>\n\t\t\t\t\u00bfTodos los estudiantes deben ir con uniforme?\n\t\t\t\t<p>El uso de uniforme durante las actividades escolares fuera y dentro de la instituci\u00f3n educativa es OBLIGATORIO.<\/p>\n<h4>UNIFORME DE USO DIARIO<\/h4>\n<ol>\n<li>Jean cl\u00e1sico de color azul marino con la insignia bordada en color blanco.Polo camisero piqu\u00e9 de color blanco (manga corta o larga), con la insignia bordada con los colores de la marca.<br \/> &#8211; No se aceptan jean focalizados, rotos o con aplicaciones de ning\u00fan tipo.<br \/>&#8211; Las alumnas no deber\u00edan asistir con jeans ultra cadera.<br \/>-Los alumnos deben asistir con correa para evitar pantalones ca\u00eddos y se exponga la ropa interior.<br \/>-La basta del jean debe llegar sobre las zapatillas, para evitar arrastrar los pantalones.<\/li>\n<li>Casaca polar azul con la insignia bordada en color blanco<\/li>\n<li>Zapatillas de deporte completamente blancas o negras<\/li>\n<li>Medias blancas<\/li>\n<li>Opcional: Polera gris de algod\u00f3n con la insignia bordada en color blanco<\/li>\n<li>Opcional: Short azul de educaci\u00f3n f\u00edsica solo en verano (como alternativa al jean)<\/li>\n<li>Opcional para Lima, obligatorio para provincias: Sombrero tipo safari beige con la insignia bordada en blanco.<\/li>\n<\/ol>\n<h4> UNIFORME PARA EDUCACI\u00d3N F\u00cdSICA<\/h4>\n<p>SOLO los d\u00edas que tengan clases de Educaci\u00f3n F\u00edsica podr\u00e1n asistir con el siguiente uniforme:<\/p>\n<ol>\n<li>Pantal\u00f3n de buzo azul con la insignia bordada en color blanco.<\/li>\n<li>Casaca de buzo azul con la insignia bordada en color blanco.<\/li>\n<li>Short azul (no pantaloneta) con la insignia bordada en color blanco (largo: hasta la rodilla)<\/li>\n<li>Polo blanco de algod\u00f3n con cuello redondo con la insignia bordada con los colores de la marca.<\/li>\n<li>Zapatillas de deporte completamente blancas o negras.<\/li>\n<li>Medias blancas.<\/li>\n<li>Gorra blanca con azul de Innova Schools.<\/li>\n<\/ol>\n<p>(*) Para las sedes de provincia es obligatorio el uso de sombrero\/gorra y bloqueador.<\/p>\n\t\t\t\t\u00bfLos estudiantes utilizan libros de texto en Innova Schools?\n\t\t\t\t<p>S\u00ed se utilizan algunos libros de texto como complemento a la informaci\u00f3n brindada en las clases y a la informaci\u00f3n que ellos mismos recaban en Internet durante las sesiones en el Media Lab.<\/p>\n<p>Los libros se utilizan para el Plan Lector en castellano e ingl\u00e9s, el curso de comunicaci\u00f3n, matem\u00e1ticas y ciencias.<\/p>\n<p>Adem\u00e1s, gracias a una alianza obtenida con algunas editoriales podr\u00edas adquirir los libros a un precio bastante menor al del mercado.<\/p>\n\t\t\t\t\u00bfBrindamos movilidad escolar?\n\t\t\t\t<p>Como instituci\u00f3n no contamos con un servicio de movilidad escolar, pero sabemos que este servicio lo realizan algunos padres de familia de manera particular. Debes contactarte con la sede de tu inter\u00e9s para averiguar m\u00e1s sobre el tema.<\/p>\n\t\t\t\t \u00bfContamos con el servicio de cafeter\u00eda en nuestras sedes?\n\t\t\t\t<p>Todas nuestras sedes cuentan con un consecionario en el que pueden comprar variedad de productos.<\/p>\n<p>En el Kiosko: Snacks y bebidas saludables<\/p>\n<p>En el Comedor: Men\u00fas de almuerzo<\/p>\n\t\t\t\t\u00bfContamos con t\u00f3pico de emergencias en nuestras sedes?\n\t\t\t\t<p>Nuestro t\u00f3pico es de primeros auxilios, donde se brindar los cuidados iniciales ante un problema de salud o accidente para luego ser referidos a un centro m\u00e9dico.<\/p>\n<p>Por disposici\u00f3n del Ministerio de Salud, no podemos brindar pastillas a los estudiantes en el t\u00f3pico dentro del colegio. Si los estudiantes tienen alguna dolencia desde casa o est\u00e1n en su periodo menstrual, es necesario que los PPFF los env\u00eden al colegio con sus medicamentos. Estos son entregados a la enfermera para que pueda entreg\u00e1rselos al estudiante durante el d\u00eda siempre y cuando el padre de familia haya firmado el formato de autorizaci\u00f3n.<\/p>\n\t\t\t\t\u00bfNuestros estudiantes cuentan con un seguro de salud?\n\t\t\t\t<p>Todos nuestros estudiantes cuentan con un seguro, pero no es un seguro de salud, sino un seguro contra accidentes que ocurran dentro de la sede y en el horario escolar.<\/p>\n\t<script type=\"application\/ld+json\"> {         \"@context\": \"http:\/\/schema.org\/\",         \"@type\": \"FAQPage\",         \"mainEntity\": [                 {                         \"@type\": \"Question\",                         \"name\": \"\u00bfCu\u00e1l es la capacidad de alumnos por sal\u00f3n aproximadamente?\",                         \"acceptedAnswer\": {                                 \"@type\": \"Answer\",                                 \"text\": \"Nuestras aulas han sido dise\u00f1adas para promover el aprendizaje grupal e individual. Conoce la cantidad de estudiantes que tenemos por sal\u00f3n: Inicial 3 a\u00f1os: 20 ni\u00f1os 4 a\u00f1os: 22 ni\u00f1os 5 a\u00f1os: 25 ni\u00f1os Primaria: Hasta 32 estudiantes Secundaria: Hasta 35 estudiantes\"                         }                 },                 {                         \"@type\": \"Question\",                         \"name\": \"\u00bfCu\u00e1l es el horario de clases en Innova Schools?\",                         \"acceptedAnswer\": {                                 \"@type\": \"Answer\",                                 \"text\": \"Inicial: 8:00 a.m. a 1:30 p.m. Primaria y Secundaria: 7:35 a.m. - 2:50 p.m. (*) Puede variar unos minutos seg\u00fan algunas circunstancias y situaciones distintas en cada sede.\"                         }                 },                 {                         \"@type\": \"Question\",                         \"name\": \"\u00bfTodos los estudiantes deben ir con uniforme?\",                         \"acceptedAnswer\": {                                 \"@type\": \"Answer\",                                 \"text\": \"El uso de uniforme durante las actividades escolares fuera y dentro de la instituci\u00f3n educativa es OBLIGATORIO. UNIFORME DE USO DIARIO Jean cl\u00e1sico de color azul marino con la insignia bordada en color blanco.Polo camisero piqu\u00e9 de color blanco (manga corta o larga), con la insignia bordada con los colores de la marca. - No se aceptan jean focalizados, rotos o con aplicaciones de ning\u00fan tipo. - Las alumnas no deber\u00edan asistir con jeans ultra cadera. -Los alumnos deben asistir con correa para evitar pantalones ca\u00eddos y se exponga la ropa interior. -La basta del jean debe llegar sobre las zapatillas, para evitar arrastrar los pantalones. Casaca polar azul con la insignia bordada en color blanco Zapatillas de deporte completamente blancas o negras Medias blancas Opcional: Polera gris de algod\u00f3n con la insignia bordada en color blanco Opcional: Short azul de educaci\u00f3n f\u00edsica solo en verano (como alternativa al jean) Opcional para Lima, obligatorio para provincias: Sombrero tipo safari beige con la insignia bordada en blanco. UNIFORME PARA EDUCACI\u00d3N F\u00cdSICA SOLO los d\u00edas que tengan clases de Educaci\u00f3n F\u00edsica podr\u00e1n asistir con el siguiente uniforme: Pantal\u00f3n de buzo azul con la insignia bordada en color blanco. Casaca de buzo azul con la insignia bordada en color blanco. Short azul (no pantaloneta) con la insignia bordada en color blanco (largo: hasta la rodilla) Polo blanco de algod\u00f3n con cuello redondo con la insignia bordada con los colores de la marca. Zapatillas de deporte completamente blancas o negras. Medias blancas. Gorra blanca con azul de Innova Schools. (*) Para las sedes de provincia es obligatorio el uso de sombrero\/gorra y bloqueador.\"                         }                 },                 {                         \"@type\": \"Question\",                         \"name\": \"\u00bfLos estudiantes utilizan libros de texto en Innova Schools?\",                         \"acceptedAnswer\": {                                 \"@type\": \"Answer\",                                 \"text\": \"S\u00ed se utilizan algunos libros de texto como complemento a la informaci\u00f3n brindada en las clases y a la informaci\u00f3n que ellos mismos recaban en Internet durante las sesiones en el Media Lab. Los libros se utilizan para el Plan Lector en castellano e ingl\u00e9s, el curso de comunicaci\u00f3n, matem\u00e1ticas y ciencias. Adem\u00e1s, gracias a una alianza obtenida con algunas editoriales podr\u00edas adquirir los libros a un precio bastante menor al del mercado.\"                         }                 },                 {                         \"@type\": \"Question\",                         \"name\": \"\u00bfBrindamos movilidad escolar?\",                         \"acceptedAnswer\": {                                 \"@type\": \"Answer\",                                 \"text\": \"Como instituci\u00f3n no contamos con un servicio de movilidad escolar, pero sabemos que este servicio lo realizan algunos padres de familia de manera particular. Debes contactarte con la sede de tu inter\u00e9s para averiguar m\u00e1s sobre el tema.\"                         }                 },                 {                         \"@type\": \"Question\",                         \"name\": \"\u00bfContamos con el servicio de cafeter\u00eda en nuestras sedes?\",                         \"acceptedAnswer\": {                                 \"@type\": \"Answer\",                                 \"text\": \"Todas nuestras sedes cuentan con un consecionario en el que pueden comprar variedad de productos. En el Kiosko: Snacks y bebidas saludables En el Comedor: Men\u00fas de almuerzo\"                         }                 },                 {                         \"@type\": \"Question\",                         \"name\": \"\u00bfContamos con t\u00f3pico de emergencias en nuestras sedes?\",                         \"acceptedAnswer\": {                                 \"@type\": \"Answer\",                                 \"text\": \"Nuestro t\u00f3pico es de primeros auxilios, donde se brindar los cuidados iniciales ante un problema de salud o accidente para luego ser referidos a un centro m\u00e9dico. Por disposici\u00f3n del Ministerio de Salud, no podemos brindar pastillas a los estudiantes en el t\u00f3pico dentro del colegio. Si los estudiantes tienen alguna dolencia desde casa o est\u00e1n en su periodo menstrual, es necesario que los PPFF los env\u00eden al colegio con sus medicamentos. Estos son entregados a la enfermera para que pueda entreg\u00e1rselos al estudiante durante el d\u00eda siempre y cuando el padre de familia haya firmado el formato de autorizaci\u00f3n.\"                         }                 },                 {                         \"@type\": \"Question\",                         \"name\": \"\u00bfNuestros estudiantes cuentan con un seguro de salud?\",                         \"acceptedAnswer\": {                                 \"@type\": \"Answer\",                                 \"text\": \"Todos nuestros estudiantes cuentan con un seguro, pero no es un seguro de salud, sino un seguro contra accidentes que ocurran dentro de la sede y en el horario escolar.\"                         }                 }         ] } <\/script>\n\n","protected":false},"excerpt":{"rendered":"<p>Click here to edit the announcement-bar module. This text is only for editing and will disappear after you publish the changes. \u00a1Participa en nuestro Evento virtual este Jueves 12 de marzo! Reg\u00edstrate aqu\u00ed. Admisi\u00f3n 2026 Metodolog\u00eda Innova D\u00eda a D\u00eda con Innova Schools \u00bfQuieres trabajar en Innova Schools? FAQ &#8211; D\u00eda a d\u00eda con Innova&hellip;<\/p>\n","protected":false},"author":3,"featured_media":0,"parent":51,"menu_order":0,"comment_status":"closed","ping_status":"closed","template":"","meta":{"footnotes":""},"class_list":["post-933","page","type-page","status-publish","hentry"],"yoast_head":"<!-- This site is optimized with the Yoast SEO plugin v26.2 - https:\/\/yoast.com\/wordpress\/plugins\/seo\/ -->\n<title>Preguntas Frecuentes - D\u00eda a D\u00eda - Colegios Innova Schools<\/title>\n<meta name=\"description\" content=\"Inf\u00f3rmate con las preguntas y respuestas frecuentes sobre el d\u00eda a d\u00eda en Innova Schools.\" \/>\n<meta name=\"robots\" content=\"index, follow, max-snippet:-1, max-image-preview:large, max-video-preview:-1\" \/>\n<link rel=\"canonical\" href=\"https:\/\/www.innovaschools.edu.pe\/preguntas-frecuentes\/dia-a-dia-con-innova-schools\/\" \/>\n<meta property=\"og:locale\" content=\"es_ES\" \/>\n<meta property=\"og:type\" content=\"article\" \/>\n<meta property=\"og:title\" content=\"Preguntas Frecuentes - D\u00eda a D\u00eda - Colegios Innova Schools\" \/>\n<meta property=\"og:description\" content=\"Inf\u00f3rmate con las preguntas y respuestas frecuentes sobre el d\u00eda a d\u00eda en Innova Schools.\" \/>\n<meta property=\"og:url\" content=\"https:\/\/www.innovaschools.edu.pe\/preguntas-frecuentes\/dia-a-dia-con-innova-schools\/\" \/>\n<meta property=\"og:site_name\" content=\"Colegios Innova Schools\" \/>\n<meta property=\"article:modified_time\" content=\"2026-03-09T17:16:45+00:00\" \/>\n<meta name=\"twitter:card\" content=\"summary_large_image\" \/>\n<meta name=\"twitter:label1\" content=\"Tiempo de lectura\" \/>\n\t<meta name=\"twitter:data1\" content=\"4 minutos\" \/>\n<!-- \/ Yoast SEO plugin. -->","yoast_head_json":{"title":"Preguntas Frecuentes - D\u00eda a D\u00eda - Colegios Innova Schools","description":"Inf\u00f3rmate con las preguntas y respuestas frecuentes sobre el d\u00eda a d\u00eda en Innova Schools.","robots":{"index":"index","follow":"follow","max-snippet":"max-snippet:-1","max-image-preview":"max-image-preview:large","max-video-preview":"max-video-preview:-1"},"canonical":"https:\/\/www.innovaschools.edu.pe\/preguntas-frecuentes\/dia-a-dia-con-innova-schools\/","og_locale":"es_ES","og_type":"article","og_title":"Preguntas Frecuentes - D\u00eda a D\u00eda - Colegios Innova Schools","og_description":"Inf\u00f3rmate con las preguntas y respuestas frecuentes sobre el d\u00eda a d\u00eda en Innova Schools.","og_url":"https:\/\/www.innovaschools.edu.pe\/preguntas-frecuentes\/dia-a-dia-con-innova-schools\/","og_site_name":"Colegios Innova Schools","article_modified_time":"2026-03-09T17:16:45+00:00","twitter_card":"summary_large_image","twitter_misc":{"Tiempo de lectura":"4 minutos"},"schema":{"@context":"https:\/\/schema.org","@graph":[{"@type":"WebPage","@id":"https:\/\/www.innovaschools.edu.pe\/preguntas-frecuentes\/dia-a-dia-con-innova-schools\/","url":"https:\/\/www.innovaschools.edu.pe\/preguntas-frecuentes\/dia-a-dia-con-innova-schools\/","name":"Preguntas Frecuentes - D\u00eda a D\u00eda - Colegios Innova Schools","isPartOf":{"@id":"https:\/\/www.innovaschools.edu.pe\/#website"},"datePublished":"2017-06-28T22:10:23+00:00","dateModified":"2026-03-09T17:16:45+00:00","description":"Inf\u00f3rmate con las preguntas y respuestas frecuentes sobre el d\u00eda a d\u00eda en Innova Schools.","breadcrumb":{"@id":"https:\/\/www.innovaschools.edu.pe\/preguntas-frecuentes\/dia-a-dia-con-innova-schools\/#breadcrumb"},"inLanguage":"es","potentialAction":[{"@type":"ReadAction","target":["https:\/\/www.innovaschools.edu.pe\/preguntas-frecuentes\/dia-a-dia-con-innova-schools\/"]}]},{"@type":"BreadcrumbList","@id":"https:\/\/www.innovaschools.edu.pe\/preguntas-frecuentes\/dia-a-dia-con-innova-schools\/#breadcrumb","itemListElement":[{"@type":"ListItem","position":1,"name":"Home","item":"https:\/\/www.innovaschools.edu.pe\/"},{"@type":"ListItem","position":2,"name":"Preguntas Frecuentes","item":"https:\/\/www.innovaschools.edu.pe\/preguntas-frecuentes\/"},{"@type":"ListItem","position":3,"name":"D\u00eda a D\u00eda con Innova Schools"}]},{"@type":"WebSite","@id":"https:\/\/www.innovaschools.edu.pe\/#website","url":"https:\/\/www.innovaschools.edu.pe\/","name":"Colegios Innova Schools","description":"","publisher":{"@id":"https:\/\/www.innovaschools.edu.pe\/#organization"},"potentialAction":[{"@type":"SearchAction","target":{"@type":"EntryPoint","urlTemplate":"https:\/\/www.innovaschools.edu.pe\/?s={search_term_string}"},"query-input":{"@type":"PropertyValueSpecification","valueRequired":true,"valueName":"search_term_string"}}],"inLanguage":"es"},{"@type":"Organization","@id":"https:\/\/www.innovaschools.edu.pe\/#organization","name":"Colegios Innova Schools","url":"https:\/\/www.innovaschools.edu.pe\/","logo":{"@type":"ImageObject","inLanguage":"es","@id":"https:\/\/www.innovaschools.edu.pe\/#\/schema\/logo\/image\/","url":"https:\/\/www.innovaschools.edu.pe\/wp-content\/uploads\/2017\/05\/Innova-logo-normal.png","contentUrl":"https:\/\/www.innovaschools.edu.pe\/wp-content\/uploads\/2017\/05\/Innova-logo-normal.png","width":201,"height":91,"caption":"Colegios Innova Schools"},"image":{"@id":"https:\/\/www.innovaschools.edu.pe\/#\/schema\/logo\/image\/"}}]}},"_links":{"self":[{"href":"https:\/\/www.innovaschools.edu.pe\/legacy\/wp-json\/wp\/v2\/pages\/933","targetHints":{"allow":["GET"]}}],"collection":[{"href":"https:\/\/www.innovaschools.edu.pe\/legacy\/wp-json\/wp\/v2\/pages"}],"about":[{"href":"https:\/\/www.innovaschools.edu.pe\/legacy\/wp-json\/wp\/v2\/types\/page"}],"author":[{"embeddable":true,"href":"https:\/\/www.innovaschools.edu.pe\/legacy\/wp-json\/wp\/v2\/users\/3"}],"replies":[{"embeddable":true,"href":"https:\/\/www.innovaschools.edu.pe\/legacy\/wp-json\/wp\/v2\/comments?post=933"}],"version-history":[{"count":8,"href":"https:\/\/www.innovaschools.edu.pe\/legacy\/wp-json\/wp\/v2\/pages\/933\/revisions"}],"predecessor-version":[{"id":10366,"href":"https:\/\/www.innovaschools.edu.pe\/legacy\/wp-json\/wp\/v2\/pages\/933\/revisions\/10366"}],"up":[{"embeddable":true,"href":"https:\/\/www.innovaschools.edu.pe\/legacy\/wp-json\/wp\/v2\/pages\/51"}],"wp:attachment":[{"href":"https:\/\/www.innovaschools.edu.pe\/legacy\/wp-json\/wp\/v2\/media?parent=933"}],"curies":[{"name":"wp","href":"https:\/\/api.w.org\/{rel}","templated":true}]}}