{"id":929,"date":"2017-06-28T17:08:05","date_gmt":"2017-06-28T22:08:05","guid":{"rendered":"https:\/\/www.innovaschools.edu.pe\/?page_id=929"},"modified":"2026-03-09T12:15:17","modified_gmt":"2026-03-09T17:15:17","slug":"admision","status":"publish","type":"page","link":"https:\/\/www.innovaschools.edu.pe\/legacy\/preguntas-frecuentes\/admision\/","title":{"rendered":"Admision 2025"},"content":{"rendered":"\n\tClick here to edit the announcement-bar module. This text is only for editing and will disappear after you publish the changes.\n\t\t\t\t\t\t<p>\u00a1Participa en nuestro Evento virtual este Jueves 12 de marzo! <strong><a href=\"https:\/\/www.innovaschools.edu.pe\/lp\/eventos\/vive-innova\/ref_click=cintillo_faqs_admision\">Reg\u00edstrate aqu\u00ed<\/a><\/strong>.<\/p>\n\t\t\t<button tabindex=\"0\" aria-label=\"Menu\" aria-expanded=\"false\">\n\t\t\t\t\t\t\t<\/button>\n\t<nav aria-label=\"Menu\" itemscope=\"itemscope\" itemtype=\"https:\/\/schema.org\/SiteNavigationElement\">\n\t\t<ul id=\"menu-preguntas-frecuentes\"><li id=\"menu-item-940\"><a href=\"https:\/\/www.innovaschools.edu.pe\/preguntas-frecuentes\/admision\/\" aria-current=\"page\">Admisi\u00f3n 2026<\/a><\/li><li id=\"menu-item-939\"><a href=\"https:\/\/www.innovaschools.edu.pe\/preguntas-frecuentes\/metodologia-innova\/\">Metodolog\u00eda Innova<\/a><\/li><li id=\"menu-item-938\"><a href=\"https:\/\/www.innovaschools.edu.pe\/preguntas-frecuentes\/dia-a-dia-con-innova-schools\/\">D\u00eda a D\u00eda con Innova Schools<\/a><\/li><li id=\"menu-item-937\"><a href=\"https:\/\/www.innovaschools.edu.pe\/preguntas-frecuentes\/quieres-trabajar-en-innova-schools\/\">\u00bfQuieres trabajar en Innova Schools?<\/a><\/li><\/ul>\t<\/nav>\n<h1>\n\t\t\tAdmisi\u00f3n\t<\/h1>\n\t\t\t\t\u00bfCu\u00e1l es el proceso para postular a Innova Schools?\n\t\t\t\t<p>Te contamos el paso a paso para ser parte de Innova Schools este 2026:<\/p>\n<ol>\n<li>Ingresa a www.innovaschools.edu.pe y selecciona el bot\u00f3n <a href=\"https:\/\/admision.innovaschools.edu.pe\/?ref_click=preguntas_frecuentes\"><b>Iniciar Admisi\u00f3n 2026<\/b><\/a>.<\/li>\n<li>Escoge el grado, distrito y la sede m\u00e1s cercana a tu ubicaci\u00f3n.<\/li>\n<li>Completa tus datos. Tu usuario ser\u00e1 tu DNI y deber\u00e1s crear una contrase\u00f1a.<\/li>\n<li>Recibir\u00e1s un correo de validaci\u00f3n. Haz clic en el enlace para continuar.<\/li>\n<li>Confirma tu cuenta e inicia sesi\u00f3n para completar los datos del postulante. Necesitar\u00e1s el DNI de tu hijo(a).<\/li>\n<li>Haz clic en <b>Reservar vacante<\/b>. Tendr\u00e1s 3 d\u00edas h\u00e1biles para pagar el Derecho de Evaluaci\u00f3n (S\/ 100). Puedes realizar el pago por la App de Interbank (con el c\u00f3digo del DNI del postulante) o pagando a trav\u00e9s de cualquier banco con PagoEfectivo.<\/li>\n<li>Despu\u00e9s del pago, tendr\u00e1s 3 d\u00edas para completar la <b>Evaluaci\u00f3n de Admisi\u00f3n <\/b>de<b> manera virtual<\/b>:\n<ul>\n<li><i>Desde inicial hasta 1er. grado de primaria<\/i>: Completa la ficha psicopedag\u00f3gica como apoderado(a).<\/li>\n<li><i>Desde 2do. grado de primaria hasta 5to. de secundaria<\/i>: el o la postulante realizar\u00e1 la evaluaci\u00f3n de admisi\u00f3n.<\/li>\n<li>Debes tener a la mano el DNI del apoderado y responsable de pago, adem\u00e1s de la \u00faltima libreta de notas del o la postulante.<\/li>\n<\/ul>\n<\/li>\n<li>Revisa tu correo o la plataforma para ver los resultados disponibles en m\u00e1ximo 48 horas.<\/li>\n<li>Si tu hijo(a) es admitido(a), paga la <b>Cuota Administrativa de Ingreso <\/b>en 3 d\u00edas. Recuerda que es un pago \u00fanico en la vida escolar del estudiante.<\/li>\n<li>Luego, tendr\u00e1s hasta 5 d\u00edas calendario para pagar el <b>Derecho de Matr\u00edcula<\/b> 2026.<\/li>\n<li>Recibir\u00e1s la <b>Constancia de Vacante<\/b> por correo electr\u00f3nico con la lista de documentos necesarios a presentar.<\/li>\n<\/ol>\n<p>Es obligatorio cumplir con todos los plazos y pasos del proceso de matr\u00edcula 2026 para que el estudiante se considere matriculado y pueda asistir al primer d\u00eda de clases.<\/p>\n\t\t\t\t\u00bfEn qu\u00e9 fecha inicia y termina el proceso de admisi\u00f3n en Innova Schools?\n\t\t\t\t<p>Nuestro proceso de Admisi\u00f3n 2026 inicia en el mes de junio del 2025 y finaliza en marzo del 2026.<\/p>\n\t\t\t\t\u00bfA qu\u00e9 grado debe postular mi hijo o hija?\n\t\t\t\t<p>El Ministerio de Educaci\u00f3n se\u00f1ala que los estudiantes deben tener la edad que corresponde al grado que postula al 31 de marzo. Por ejemplo, para que un ni\u00f1o pueda ingresar a Beginners, debe tener los 3 a\u00f1os cumplidos como m\u00e1ximo hasta marzo.<\/p>\n\t\t\t\tSi tengo varios hijos, \u00bfpuedo acceder a un descuento?\n\t\t\t\t<p>S\u00ed, los padres de familia con m\u00e1s de un hijo pueden acceder a los siguientes descuentos:<\/p>\n<ul>\n<li>5% de descuento en la pensi\u00f3n del segundo hermano(a).*<\/li>\n<li>10% de descuento en la pensi\u00f3n del tercer hermano(a).*<\/li>\n<li>Nuevas familias: Exoneraci\u00f3n de la Cuota Administrativa de Ingreso a partir del segundo hermano(a). V\u00e1lido hasta el 31 julio de 2024.<\/li>\n<li>Nuevas familias: 30% de descuento en el Derecho de Matr\u00edcula 2026 a partir del segundo hermano(a). V\u00e1lido hasta el 31 de marzo de 2026.<\/li>\n<\/ul>\n<p>*Ning\u00fan descuento es acumulable. Los descuentos en las pensiones solo se aplican en caso se paguen bajo la modalidad de Pronto Pago (dentro de los primeros 7 d\u00edas del siguiente mes).<\/p>\n\t\t\t\t\u00bfPuedo separar o reservar una vacante?\n\t\t\t\t<p>Todos los alumnos deben pasar por el proceso de admisi\u00f3n de forma regular, no contamos con separaci\u00f3n de vacantes.<\/p>\n\t\t\t\t \u00bfQui\u00e9nes deben llenar formulario psicopedag\u00f3gico y qui\u00e9nes rendir el examen de admisi\u00f3n?\n\t\t\t\t<p>Para el proceso de admisi\u00f3n:<\/p>\n<ul>\n<li><strong>Postulantes a Beginners, Pre Kinder, Kinder y 1\u00b0 Primaria:<\/strong> Los padres o apoderados deben completar un formulario psicopedag\u00f3gico.<\/li>\n<li><strong>Postulantes a 2\u00b0 Primaria en adelante:<\/strong> Los estudiantes ser\u00e1n evaluados mediante un examen de admisi\u00f3n que mide tanto la capacidad intelectual como los rasgos emocionales.<\/li>\n<\/ul>\n<p>Ambas evaluaciones se completar\u00e1n de manera <strong>virtual<\/strong>.<\/p>\n\t\t\t\t\u00bfQu\u00e9 documentos debo tener para el examen de admisi\u00f3n?\n\t\t\t\t<p>Documentos obligatorios al momento del examen:<\/p>\n<ul>\n<li>Copia digitalizada del <strong>documento de identidad<\/strong> del postulante, del apoderado y del responsable de pago.<\/li>\n<li>\u00daltima <strong>libreta de notas<\/strong> del a\u00f1o anterior digitalizada (excepto ni\u00f1os(as) que ingresan a Beginners o inicien por primera vez su etapa escolar).<\/li>\n<\/ul>\n\t\t\t\t\u00bfCu\u00e1les son los temas a medir en la evaluaci\u00f3n de admisi\u00f3n?\n\t\t\t\t<p>En esta evaluaci\u00f3n se mide la capacidad intelectual de los estudiantes, as\u00ed como sus rasgos emocionales. Adem\u00e1s, evaluamos la comprensi\u00f3n lectora y resoluci\u00f3n de problemas matem\u00e1ticos.<\/p>\n\t\t\t\t\u00bfEs posible reevaluar a un postulante en el mismo proceso de admisi\u00f3n?\n\t\t\t\t<p>Si un ni\u00f1o no es aprobado en la evaluaci\u00f3n de admisi\u00f3n, no podr\u00e1 ser reevaluado en otra sede de Innova Schools durante el mismo a\u00f1o de postulaci\u00f3n. Sin embargo, podr\u00e1 volver a postular en el a\u00f1o siguiente.<\/p>\n\t\t\t\t\u00bfEs obligatoria la asistencia a alguna charla informativa?\n\t\t\t\t<p>No es obligatoria, pero es importante. Le recomendamos que asista a una o que pueda conectarse a nuestras transmisiones virtuales, ya que esto le ayudar\u00e1 a entender mejor la propuesta educativa de Innova Schools.<\/p>\n\t\t\t\tMi hijo viene de un colegio menos exigente, \u00bfc\u00f3mo ser\u00e1 su adaptaci\u00f3n en Innova Schools?\n\t\t\t\t<p>En Innova Schools, hacemos un seguimiento personalizado y brindamos recomendaciones adaptadas a las necesidades de cada estudiante. Para que el proceso de adaptaci\u00f3n sea exitoso, es fundamental contar con el apoyo de los padres en el cumplimiento de estas recomendaciones.<\/p>\n\t\t\t\t\u00bfPuedo trasladar a mi hijo a Innova Schools una vez iniciado el a\u00f1o escolar?\n\t\t\t\t<p>S\u00ed, es posible trasladar a tu hijo a Innova Schools una vez iniciado el a\u00f1o escolar, pero el traslado estar\u00e1 sujeto a la aprobaci\u00f3n del director y a la disponibilidad de vacantes. Si el traslado es aprobado, deber\u00e1s cumplir con las condiciones y obligaciones correspondientes a un estudiante nuevo. Adem\u00e1s, se evaluar\u00e1 a tu hijo para verificar su capacidad de ponerse al d\u00eda o mantener el ritmo de los dem\u00e1s estudiantes.<\/p>\n\t\t\t\t\u00bfC\u00f3mo puedo obtener una beca en Innova Schools?\n\t\t\t\t<p>Actualmente, Innova Schools no cuenta con un programa propio de becas. Sin embargo, tenemos una alianza con la asociaci\u00f3n Civil Per\u00fa Champs, que otorga becas a ni\u00f1as y ni\u00f1os de escasos recursos y de alto potencial acad\u00e9mico, art\u00edstico y\/o deportivo. Para m\u00e1s informaci\u00f3n, puedes escribir a <strong>becas@peruchamps.org<\/strong><\/p>\n\t<script type=\"application\/ld+json\">{        \"@context\": \"http:\/\/schema.org\/\",        \"@type\": \"FAQPage\",        \"mainEntity\": [                {                        \"@type\": \"Question\",                        \"name\": \" \u00bfCu\u00e1l es el proceso para postular a Innova Schools?\",                        \"acceptedAnswer\": {                                \"@type\": \"Answer\",                                \"text\": \"El proceso de Admisi\u00f3n en Innova Schools se realiza a trav\u00e9s de nuestra web. Los pasos son:Ingresa a www.innovaschools.edu.pe y haz clic en Admisi\u00f3n 2021.Selecciona el grado y el distrito de inter\u00e9s.Elige la sede m\u00e1s cercana.Completa tus datos. Tu usuario ser\u00e1 tu DNI y deber\u00e1s crear una contrase\u00f1a.Recibir\u00e1s un correo electr\u00f3nico de validaci\u00f3n de cuenta. Por favor, ingresa al link para continuar con el proceso.Una vez que confirmaste tu cuenta e iniciaste sesi\u00f3n, completa los datos del postulante. Recuerda que debes tener el DNI de tu hijo(a) a la mano.Haz clic en \u201cReservar vacante\u201d. Tendr\u00e1s 3 d\u00edas \u00fatiles para realizar el pago del Derecho de Evaluaci\u00f3n (S\/100). Puedes realizar el pago a trav\u00e9s de Interbank (el c\u00f3digo es el DNI del postulante) o utilizando PagoEfectivo (el c\u00f3digo se genera autom\u00e1ticamente).Luego de realizar el pago, tendr\u00e1s 3 d\u00edas calendario para realizar la Evaluaci\u00f3n de Admisi\u00f3n, la cual consta de 3 pasos:Adjunta una foto del DNI y la \u00faltima libreta de notas del postulante en la plataforma de admisi\u00f3n.El apoderado debe completar la ficha psicopedag\u00f3gica.El postulante debe realizar la Evaluaci\u00f3n de Admisi\u00f3n (a partir de 2do grado de Primaria en adelante).Revisa tu correo electr\u00f3nico y\/o la plataforma de admisi\u00f3n para acceder a los resultados que estar\u00e1n disponibles en m\u00e1ximo 48 horas.Si el postulante fue admitido, podr\u00e1s pagar la Cuota Administrativa de Ingreso (pago \u00fanico) en los siguientes 3 d\u00edas calendario. Puedes realizar el pago a trav\u00e9s de Interbank (el concepto es Admisi\u00f3n 2020) o utilizando PagoEfectivo (el c\u00f3digo se genera autom\u00e1ticamente).Despu\u00e9s del pago de la Cuota de Ingreso, tendr\u00e1s hasta 10 d\u00edas calendario para realizar el pago de Derecho de Matr\u00edcula.Recibir\u00e1s la Constancia de Vacante en tu correo electr\u00f3nico con la lista de documentos que deber\u00e1s enviar por correo electr\u00f3nico a la sede.\"                        }                },                {                        \"@type\": \"Question\",                        \"name\": \" \u00bfC\u00f3mo ser\u00e1n las clases el pr\u00f3ximo a\u00f1o?\",                        \"acceptedAnswer\": {                                \"@type\": \"Answer\",                                \"text\": \"En Innova Schools estamos considerando que las clases ser\u00e1n 100% presenciales, pero eso depender\u00e1 de las disposiciones que tome el Ministerios de Educaci\u00f3n. Estamos trabajando nuestro Plan de Educaci\u00f3n presencial y virtual de manera que, cuando llegue el momento de definir la modalidad para el pr\u00f3ximo a\u00f1o, nuestro plan estar\u00e1 adecuado para cualquiera de los escenarios.\"                        }                },                {                        \"@type\": \"Question\",                        \"name\": \"Si tengo varios hijos, \u00bfpuedo acceder a alg\u00fan descuento?\",                        \"acceptedAnswer\": {                                \"@type\": \"Answer\",                                \"text\": \"S\u00ed, los padres de familia con m\u00e1s de un hijo pueden acceder a los siguientes descuentos:5% de descuento en la pensi\u00f3n del segundo hermano(a).10% de descuento en la pensi\u00f3n del tercer hermano(a).Exoneraci\u00f3n en la Cuota Administrativa de Ingreso a partir del tercer hermano(a).Ning\u00fan descuento es acumulable. Los descuentos solo se aplican en caso se paguen bajo la modalidad de Pronto Pago (dentro de los primeros 7 d\u00edas del siguiente mes).(*) Los descuentos pueden variar para estudiantes que ingresaron a Innova Schools antes del 2017.\"                        }                },                {                        \"@type\": \"Question\",                        \"name\": \"\u00bfC\u00f3mo puedo obtener una beca en Innova Schools?\",                        \"acceptedAnswer\": {                                \"@type\": \"Answer\",                                \"text\": \"En Innova Schools tenemos una alianza con Peru Champs, asociaci\u00f3n que otorga becas a ni\u00f1as y ni\u00f1os de escasos recursos y de alto potencial acad\u00e9mico, art\u00edstico y\/o deportivo. Para m\u00e1s informaci\u00f3n, puedes escribir a becas@peruchamps.org\"                        }                },                {                        \"@type\": \"Question\",                        \"name\": \"\u00bfEn qu\u00e9 fecha inicia y termina el proceso de Admisi\u00f3n en Innova Schools?\",                        \"acceptedAnswer\": {                                \"@type\": \"Answer\",                                \"text\": \"Nuestro Proceso de Admisi\u00f3n 2021 inicia en setiembre del 2020 y finaliza en febrero del 2021.\"                        }                },                {                        \"@type\": \"Question\",                        \"name\": \"\u00bfA qu\u00e9 grado debe postular mi hijo?\",                        \"acceptedAnswer\": {                                \"@type\": \"Answer\",                                \"text\": \"El Ministerio de Educaci\u00f3n se\u00f1ala que los estudiantes deben tener la edad que corresponde al grado que postula al 31 de marzo. Por ejemplo, para que un ni\u00f1o pueda ingresar a Beginners, debe tener los 3 a\u00f1os cumplidos como m\u00e1ximo hasta marzo\"                        }                },                {                        \"@type\": \"Question\",                        \"name\": \"\u00bfPuedo separar o reservar una vacante?\",                        \"acceptedAnswer\": {                                \"@type\": \"Answer\",                                \"text\": \"Todos los postulantes deben participar del Proceso de Admisi\u00f3n de forma regular. En Innova Schools no contamos con separaci\u00f3n de vacantes.\"                        }                },                {                        \"@type\": \"Question\",                        \"name\": \"\u00bfQui\u00e9nes deben llenar la ficha psicopedag\u00f3gica y qui\u00e9nes deben rendir la evaluaci\u00f3n psicopedag\u00f3gica?\",                        \"acceptedAnswer\": {                                \"@type\": \"Answer\",                                \"text\": \"Los apoderados del postulante deben llenar la ficha psicopedag\u00f3gica. Los postulantes de 2do grado de Primaria en adelante, deber\u00e1n rendir la evaluaci\u00f3n psicopedag\u00f3gica. Ambos documentos se completar\u00e1n de manera online.\"                        }                },                {                        \"@type\": \"Question\",                        \"name\": \"\u00bfQu\u00e9 documento debo adjuntar en la evaluaci\u00f3n psicopedag\u00f3gica?\",                        \"acceptedAnswer\": {                                \"@type\": \"Answer\",                                \"text\": \"Los documentos que debes adjuntar en la plataforma son:Copia del DNI del postulante.\u00daltima libreta de notas digital del postulante.\"                        }                },                {                        \"@type\": \"Question\",                        \"name\": \"\u00bfEs obligatoria la asistencia de ambos padres a la evaluaci\u00f3n psicopedag\u00f3gica presencial?\",                        \"acceptedAnswer\": {                                \"@type\": \"Answer\",                                \"text\": \"Solo es obligatoria la presencia de uno de los padres del postulante.\"                        }                },                {                        \"@type\": \"Question\",                        \"name\": \"\u00bfSe puede reevaluar al ni\u00f1o en el mismo proceso de admisi\u00f3n?\",                        \"acceptedAnswer\": {                                \"@type\": \"Answer\",                                \"text\": \"En caso de que el postulante no sea aprobado en la Evaluaci\u00f3n de Admisi\u00f3n, no podr\u00e1 ser evaluado nuevamente en el a\u00f1o que postul\u00f3. S\u00ed podr\u00e1 volver a postular en el pr\u00f3ximo proceso de admisi\u00f3n.\"                        }                },                {                        \"@type\": \"Question\",                        \"name\": \"Mi hijo viene de un colegio menos exigente, \u00bfc\u00f3mo ser\u00e1 su adaptaci\u00f3n en Innova Schools?\",                        \"acceptedAnswer\": {                                \"@type\": \"Answer\",                                \"text\": \"En Innova Schools hacemos seguimiento a las necesidades de cada nuevo estudiante. Para que el proceso de adaptaci\u00f3n se realice exitosamente, es muy importante contar con el apoyo de los padres de familia en el cumplimiento de las recomendaciones dadas.\"                        }                },                {                        \"@type\": \"Question\",                        \"name\": \"\u00bfPuedo trasladar a mi hijo a Innova Schools una vez iniciado el a\u00f1o escolar?\",                        \"acceptedAnswer\": {                                \"@type\": \"Answer\",                                \"text\": \"S\u00ed, pero estar\u00e1 sujeto a la aprobaci\u00f3n del Director y la disponibilidad de vacantes. Si procede, tendr\u00edas que iniciar el proceso como un estudiante nuevo.\"                        }                },                {                        \"@type\": \"Question\",                        \"name\": \"\u00bfC\u00f3mo puedo solicitar informaci\u00f3n sobre las condiciones del servicio educativo?\",                        \"acceptedAnswer\": {                                \"@type\": \"Answer\",                                \"text\": \"Si deseas informaci\u00f3n sobre el Proceso de Admisi\u00f3n, puedes contactarte a trav\u00e9s de los siguientes canales:Tel\u00e9fono: (01) 730 - 4555WhatsApp: 981 206 600Correo electr\u00f3nico: admision@www.innovaschools.edu.peInnova Schools pone a disposici\u00f3n en forma digital 30 d\u00edas antes de la campa\u00f1a de admisi\u00f3n; durante y despu\u00e9s del proceso de matr\u00edcula la informaci\u00f3n del art\u00edculo 14 de la Ley No 26549. Para acceder a la informaci\u00f3n, ingresa aqu\u00ed.\"                        }                }        ]}<\/script>\n\n","protected":false},"excerpt":{"rendered":"<p>Click here to edit the announcement-bar module. This text is only for editing and will disappear after you publish the changes. \u00a1Participa en nuestro Evento virtual este Jueves 12 de marzo! Reg\u00edstrate aqu\u00ed. Admisi\u00f3n 2026 Metodolog\u00eda Innova D\u00eda a D\u00eda con Innova Schools \u00bfQuieres trabajar en Innova Schools? Admisi\u00f3n \u00bfCu\u00e1l es el proceso para postular&hellip;<\/p>\n","protected":false},"author":3,"featured_media":0,"parent":51,"menu_order":0,"comment_status":"closed","ping_status":"closed","template":"","meta":{"footnotes":""},"class_list":["post-929","page","type-page","status-publish","hentry"],"yoast_head":"<!-- This site is optimized with the Yoast SEO plugin v26.2 - https:\/\/yoast.com\/wordpress\/plugins\/seo\/ -->\n<title>Preguntas Frecuentes - Admisi\u00f3n 2025 - Colegios Innova Schools<\/title>\n<meta name=\"description\" content=\"Inf\u00f3rmate con las preguntas y respuestas frecuentes sobre Admisi\u00f3n 2019 en Innova Schools\" \/>\n<meta name=\"robots\" content=\"index, follow, max-snippet:-1, max-image-preview:large, max-video-preview:-1\" \/>\n<link rel=\"canonical\" href=\"https:\/\/www.innovaschools.edu.pe\/preguntas-frecuentes\/admision\/\" \/>\n<meta property=\"og:locale\" content=\"es_ES\" \/>\n<meta property=\"og:type\" content=\"article\" \/>\n<meta property=\"og:title\" content=\"Preguntas Frecuentes - Admisi\u00f3n 2025 - Colegios Innova Schools\" \/>\n<meta property=\"og:description\" content=\"Inf\u00f3rmate con las preguntas y respuestas frecuentes sobre Admisi\u00f3n 2019 en Innova Schools\" \/>\n<meta property=\"og:url\" content=\"https:\/\/www.innovaschools.edu.pe\/preguntas-frecuentes\/admision\/\" \/>\n<meta property=\"og:site_name\" content=\"Colegios Innova Schools\" \/>\n<meta property=\"article:modified_time\" content=\"2026-03-09T17:15:17+00:00\" \/>\n<meta name=\"twitter:card\" content=\"summary_large_image\" \/>\n<meta name=\"twitter:label1\" content=\"Tiempo de lectura\" \/>\n\t<meta name=\"twitter:data1\" content=\"5 minutos\" \/>\n<!-- \/ Yoast SEO plugin. -->","yoast_head_json":{"title":"Preguntas Frecuentes - Admisi\u00f3n 2025 - Colegios Innova Schools","description":"Inf\u00f3rmate con las preguntas y respuestas frecuentes sobre Admisi\u00f3n 2019 en Innova Schools","robots":{"index":"index","follow":"follow","max-snippet":"max-snippet:-1","max-image-preview":"max-image-preview:large","max-video-preview":"max-video-preview:-1"},"canonical":"https:\/\/www.innovaschools.edu.pe\/preguntas-frecuentes\/admision\/","og_locale":"es_ES","og_type":"article","og_title":"Preguntas Frecuentes - Admisi\u00f3n 2025 - Colegios Innova Schools","og_description":"Inf\u00f3rmate con las preguntas y respuestas frecuentes sobre Admisi\u00f3n 2019 en Innova Schools","og_url":"https:\/\/www.innovaschools.edu.pe\/preguntas-frecuentes\/admision\/","og_site_name":"Colegios Innova Schools","article_modified_time":"2026-03-09T17:15:17+00:00","twitter_card":"summary_large_image","twitter_misc":{"Tiempo de lectura":"5 minutos"},"schema":{"@context":"https:\/\/schema.org","@graph":[{"@type":"WebPage","@id":"https:\/\/www.innovaschools.edu.pe\/preguntas-frecuentes\/admision\/","url":"https:\/\/www.innovaschools.edu.pe\/preguntas-frecuentes\/admision\/","name":"Preguntas Frecuentes - Admisi\u00f3n 2025 - Colegios Innova Schools","isPartOf":{"@id":"https:\/\/www.innovaschools.edu.pe\/#website"},"datePublished":"2017-06-28T22:08:05+00:00","dateModified":"2026-03-09T17:15:17+00:00","description":"Inf\u00f3rmate con las preguntas y respuestas frecuentes sobre Admisi\u00f3n 2019 en Innova Schools","breadcrumb":{"@id":"https:\/\/www.innovaschools.edu.pe\/preguntas-frecuentes\/admision\/#breadcrumb"},"inLanguage":"es","potentialAction":[{"@type":"ReadAction","target":["https:\/\/www.innovaschools.edu.pe\/preguntas-frecuentes\/admision\/"]}]},{"@type":"BreadcrumbList","@id":"https:\/\/www.innovaschools.edu.pe\/preguntas-frecuentes\/admision\/#breadcrumb","itemListElement":[{"@type":"ListItem","position":1,"name":"Home","item":"https:\/\/www.innovaschools.edu.pe\/"},{"@type":"ListItem","position":2,"name":"Preguntas Frecuentes","item":"https:\/\/www.innovaschools.edu.pe\/preguntas-frecuentes\/"},{"@type":"ListItem","position":3,"name":"Admision 2025"}]},{"@type":"WebSite","@id":"https:\/\/www.innovaschools.edu.pe\/#website","url":"https:\/\/www.innovaschools.edu.pe\/","name":"Colegios Innova Schools","description":"","publisher":{"@id":"https:\/\/www.innovaschools.edu.pe\/#organization"},"potentialAction":[{"@type":"SearchAction","target":{"@type":"EntryPoint","urlTemplate":"https:\/\/www.innovaschools.edu.pe\/?s={search_term_string}"},"query-input":{"@type":"PropertyValueSpecification","valueRequired":true,"valueName":"search_term_string"}}],"inLanguage":"es"},{"@type":"Organization","@id":"https:\/\/www.innovaschools.edu.pe\/#organization","name":"Colegios Innova Schools","url":"https:\/\/www.innovaschools.edu.pe\/","logo":{"@type":"ImageObject","inLanguage":"es","@id":"https:\/\/www.innovaschools.edu.pe\/#\/schema\/logo\/image\/","url":"https:\/\/www.innovaschools.edu.pe\/wp-content\/uploads\/2017\/05\/Innova-logo-normal.png","contentUrl":"https:\/\/www.innovaschools.edu.pe\/wp-content\/uploads\/2017\/05\/Innova-logo-normal.png","width":201,"height":91,"caption":"Colegios Innova Schools"},"image":{"@id":"https:\/\/www.innovaschools.edu.pe\/#\/schema\/logo\/image\/"}}]}},"_links":{"self":[{"href":"https:\/\/www.innovaschools.edu.pe\/legacy\/wp-json\/wp\/v2\/pages\/929","targetHints":{"allow":["GET"]}}],"collection":[{"href":"https:\/\/www.innovaschools.edu.pe\/legacy\/wp-json\/wp\/v2\/pages"}],"about":[{"href":"https:\/\/www.innovaschools.edu.pe\/legacy\/wp-json\/wp\/v2\/types\/page"}],"author":[{"embeddable":true,"href":"https:\/\/www.innovaschools.edu.pe\/legacy\/wp-json\/wp\/v2\/users\/3"}],"replies":[{"embeddable":true,"href":"https:\/\/www.innovaschools.edu.pe\/legacy\/wp-json\/wp\/v2\/comments?post=929"}],"version-history":[{"count":7,"href":"https:\/\/www.innovaschools.edu.pe\/legacy\/wp-json\/wp\/v2\/pages\/929\/revisions"}],"predecessor-version":[{"id":10364,"href":"https:\/\/www.innovaschools.edu.pe\/legacy\/wp-json\/wp\/v2\/pages\/929\/revisions\/10364"}],"up":[{"embeddable":true,"href":"https:\/\/www.innovaschools.edu.pe\/legacy\/wp-json\/wp\/v2\/pages\/51"}],"wp:attachment":[{"href":"https:\/\/www.innovaschools.edu.pe\/legacy\/wp-json\/wp\/v2\/media?parent=929"}],"curies":[{"name":"wp","href":"https:\/\/api.w.org\/{rel}","templated":true}]}}