{"id":5122,"date":"2021-04-16T13:52:22","date_gmt":"2021-04-16T18:52:22","guid":{"rendered":"https:\/\/www.innovaschools.edu.pe\/?page_id=5122"},"modified":"2025-03-28T19:15:22","modified_gmt":"2025-03-29T00:15:22","slug":"politicas-de-cookies","status":"publish","type":"page","link":"https:\/\/www.innovaschools.edu.pe\/legacy\/politicas-de-cookies\/","title":{"rendered":"Politicas de Cookies"},"content":{"rendered":"\n<h1>\n\t\tPol\u00edtica de Cookies\n\t<\/h1>\n\t<p>COLEGIOS PERUANOS S.A., entidad promotora de la red de colegios INNOVA SCHOOLS (en adelante, \u00abINNOVA SCHOOLS\u00bb), identificada con RUC N\u00ba 20510713363, con domicilio en Avenida Carlos Villar\u00e1n No. 140, Urbanizaci\u00f3n Santa Catalina, Torre Interbank, Piso 9, La Victoria, Lima, en atenci\u00f3n a la Ley N\u00b0 29733, Ley de Protecci\u00f3n de Datos Personales, y su reglamento, informa a sus usuarios que esta p\u00e1gina web (en adelante, la \u00abP\u00e1gina Web\u00bb) emplea cookies para el mejor funcionamiento de la P\u00e1gina Web, recordar sus preferencias y ayudarlos a obtener la informaci\u00f3n correcta. De igual manera, queremos que recuerdes que las cookies nos permiten ver la manera en que nuestra P\u00e1gina Web es usada para fines necesarios.<\/p>\n<p><b>1. \u00bfQu\u00e9 son las cookies y para qu\u00e9 sirven?<\/b><\/p>\n<p>Una cookie es un peque\u00f1o fragmento de texto que los sitios web que visitas almacenan en tu ordenador, celular inteligente, tablet o cualquier otro dispositivo con acceso a internet, y que permite que el sitio web recuerde informaci\u00f3n sobre tu visita, como tu idioma preferido y otras opciones, con el fin de facilitar tu pr\u00f3xima visita y hacer que el sitio te resulte m\u00e1s \u00fatil. Es por ello que las cookies desempe\u00f1an un papel muy importante y contribuyen a tener una mejor experiencia de navegaci\u00f3n para el usuario, ya que algunas de ellas son estrictamente necesarias para que el sitio web funcione correctamente y otras sirven para mejorar el rendimiento y tu experiencia como usuario.<\/p>\n<p>Las cookies se asocian \u00fanicamente a un usuario an\u00f3nimo y a tu dispositivo de acceso a Internet, y no proporcionan referencias que permitan deducir datos personales del usuario. Las cookies no pueden da\u00f1ar tu dispositivo. Adem\u00e1s, son muy \u00fatiles pues nos ayudan a identificar y resolver errores.<\/p>\n<p><b>2. Tipos de cookies<\/b><\/p>\n<p>A) Seg\u00fan su origen:<\/p>\n<ul>\n<li><u>Cookies internas o propias<\/u>: Son aquellas que se env\u00edan desde el sitio web, gestionadas por el propio titular del sitio web y s\u00f3lo pueden ser le\u00eddas por este sitio.<\/li>\n<li><u>Cookies externas o de tercero<\/u>: Son aquellas que se env\u00edan desde otras organizaciones distinta al titular del sitio web y que son utilizadas por el sitio web para diferentes prop\u00f3sitos. Estas cookies pueden ser le\u00eddas por las organizaciones que las env\u00edan.<\/li>\n<\/ul>\n<p>B) Seg\u00fan el plazo de tiempo que permanecen activas<\/p>\n<ul>\n<li><u>Cookies de sesi\u00f3n<\/u>: Son un tipo de cookies dise\u00f1adas para recoger y almacenar datos mientras el usuario accede al sitio web. Se suelen utilizar para almacenar informaci\u00f3n que s\u00f3lo interesa conservar para la prestaci\u00f3n del servicio solicitado por el usuario en una sola ocasi\u00f3n (la sesi\u00f3n que est\u00e1 utilizando en ese momento).<\/li>\n<li><u>Cookies persistentes<\/u>: Son un tipo de cookies que permiten que los datos sigan almacenados en el dispositivo de acceso a Internet del usuario, y pueden ser accedidas y tratadas durante un periodo definido por el responsable de las cookies, que puede ir de unos minutos a varios a\u00f1os.<\/li>\n<\/ul>\n<p>C) Seg\u00fan su finalidad<\/p>\n<ul>\n<li><u>Cookies necesarias o esenciales<\/u>: Son aquellas que permiten activar funciones b\u00e1sicas haciendo el sitio web m\u00e1s usable y brindando una experiencia m\u00e1s segura. Pueden ser establecidas por nosotros o por terceras partes cuyos servicios se han agregado al sitio web. Si no permites estas cookies algunos de los servicios del sitio web no funcionar\u00e1n correctamente.<\/li>\n<li><u>Cookies de personalizaci\u00f3n o preferencias<\/u>: Son aquellas que permiten recordar informaci\u00f3n para que el usuario acceda al servicio con determinadas caracter\u00edsticas que pueden diferenciar su experiencia de la de otros usuarios como, por ejemplo, el idioma, el n\u00famero de resultados a mostrar al realizar una b\u00fasqueda, el aspecto o contenido del servicio en funci\u00f3n del tipo de navegador o regi\u00f3n desde la que accede al servicio, etc.<\/li>\n<li><u>Cookies de rendimiento y estad\u00edstica o anal\u00edticas<\/u>: Son aquellas que nos ayudan a comprender mejor c\u00f3mo nuestros usuarios llegan a nuestra web y nos proporciona informaci\u00f3n sobre el uso y comportamiento general en la misma. Esto nos permite analizar qu\u00e9 \u00e1reas podemos mejorar para brindar un servicio m\u00e1s completo y una mejor experiencia de uso. Toda la informaci\u00f3n que recogen estas cookies es agregada y, por lo tanto, an\u00f3nima. Esta categor\u00eda de cookies es voluntaria, de no otorgar consentimiento no podr\u00e1 cumplir con las finalidades antes descritas.<\/li>\n<li><u>Cookies de marketing<\/u>: Son aquellas colocadas por nuestros socios publicitarios. Estos negocios pueden utilizarlas para crear un perfil de los intereses de los usuarios y mostrarles anuncios relevantes en otros sitios. No almacenan informaci\u00f3n personal directamente, sino que se basan en la identificaci\u00f3n \u00fanica del navegador y dispositivo de acceso a Internet. Esta categor\u00eda de cookies es voluntaria, de no otorgar consentimiento no podr\u00e1 cumplir con la finalidad antes descrita.<\/li>\n<\/ul>\n<p><b>3. \u00bfQu\u00e9 tipos de Cookies utilizamos en la P\u00e1gina Web?<\/b><\/p>\n<p>A continuaci\u00f3n, detallamos las cookies que esta P\u00e1gina Web emplea, con el fin de proporcionarte la m\u00e1xima informaci\u00f3n posible:<\/p>\n<table>\n<tr>\n<th>N\u00b0<\/th>\n<th>Cookie<\/th>\n<th>Tipo<\/th>\n<th>Finalidad<\/th>\n<th>Tiempo<\/th>\n<th>Propio\/Tercero<\/th>\n<\/tr>\n<tr>\n<td>1<\/td>\n<td>__cfduid<\/td>\n<td>Necesaria<\/td>\n<td>Ayudan a analizar el tr\u00e1fico hacia nuestra web, adecuando nuestros servicios de acuerdo con ese comportamiento.<\/td>\n<td>29 d\u00edas<\/td>\n<td>Propio<\/td>\n<\/tr>\n<tr>\n<td>2<\/td>\n<td>_dc_gtm_UA-#<\/td>\n<td>Necesaria<\/td>\n<td>Utilizado por Google Tag Manager para controlar la carga de una etiqueta de script de Google Analytics.<\/td>\n<td>1 d\u00eda<\/td>\n<td>Tercero<\/td>\n<\/tr>\n<tr>\n<td>3<\/td>\n<td>_fbp<\/td>\n<td>Marketing<\/td>\n<td>Utilizada por Facebook para proporcionar una serie de productos publicitarios como pujas en tiempo real de terceros anunciantes.<\/td>\n<td>3 meses<\/td>\n<td>Tercero<\/td>\n<\/tr>\n<tr>\n<td>4<\/td>\n<td>_ga_8XRDZV720X<\/td>\n<td>Estad\u00edstica<\/td>\n<td>Utilizada por Google Analytics para recolectar data sobre las veces que el usuario ha visitado el sitio web, como la primera y la m\u00e1s reciente visita<\/td>\n<td>2 a\u00f1os<\/td>\n<td>Tercero<\/td>\n<\/tr>\n<tr>\n<td>5<\/td>\n<td>_gac_UA- 69537498-3<\/td>\n<td>Estad\u00edstica<\/td>\n<td>Utilizada para enviar data a Google Analytics acerca de los dispositivos y comportamiento de los usuarios<\/td>\n<td>1 d\u00eda<\/td>\n<td>Tercero<\/td>\n<\/tr>\n<tr>\n<td>6<\/td>\n<td>_gat_UA-69537498-3<\/td>\n<td>Estad\u00edstica<\/td>\n<td>Utilizado por Google Analytics para acelerar la tasa de solicitudes<\/td>\n<td>1 d\u00eda<\/td>\n<td>Tercero<\/td>\n<\/tr>\n<tr>\n<td>7<\/td>\n<td>_ga<\/td>\n<td>Estad\u00edstica<\/td>\n<td>Registra una identificaci\u00f3n \u00fanica que se utiliza para generar datos estad\u00edsticos acerca de c\u00f3mo utiliza el visitante el sitio web.<\/td>\n<td>2 a\u00f1os<\/td>\n<td>Tercero<\/td>\n<\/tr>\n<tr>\n<td>8<\/td>\n<td>_gid<\/td>\n<td>Estad\u00edstica<\/td>\n<td>Registra una identificaci\u00f3n \u00fanica que se utiliza para generar datos estad\u00edsticos acerca de c\u00f3mo utiliza el visitante el sitio web.<\/td>\n<td>1 d\u00eda<\/td>\n<td>Tercero<\/td>\n<\/tr>\n<tr>\n<td>9<\/td>\n<td>_hjAbsoluteSession InProgress<\/td>\n<td>Estad\u00edstica<\/td>\n<td>Utilizado para detectar la primera p\u00e1gina vista de la sesi\u00f3n del usuario<\/td>\n<td>30 minutos<\/td>\n<td>Propio<\/td>\n<\/tr>\n<tr>\n<td>10<\/td>\n<td>_hjFirstSeen<\/td>\n<td>Estad\u00edstica<\/td>\n<td>Utilizado para identificar la primera sesi\u00f3n de un nuevo usuario<\/td>\n<td>sesi\u00f3n<\/td>\n<td>Propio<\/td>\n<\/tr>\n<tr>\n<td>11<\/td>\n<td>_hjid<\/td>\n<td>Estad\u00edstica<\/td>\n<td>Utilizado para mantener el ID de Usuario de Hotjar<\/td>\n<td>1 a\u00f1o<\/td>\n<td>Propio<\/td>\n<\/tr>\n<tr>\n<td>12<\/td>\n<td>_hjIncludedInPageviewSample<\/td>\n<td>Estad\u00edstica<\/td>\n<td>Utilizado para que Hotjar sepa si ese visitante est\u00e1 incluido en el muestreo de datos definido por el l\u00edmite de visitas a la p\u00e1gina de su sitio.<\/td>\n<td>30 minutos<\/td>\n<td>Propio<\/td>\n<\/tr>\n<tr>\n<td>13<\/td>\n<td>_hjTLDTest<\/td>\n<td>Estad\u00edstica<\/td>\n<td>Utilizado para determinar la ruta m\u00e1s gen\u00e9rica que deber\u00eda utilizar la cookie (para ser compartido en subdominios)<\/td>\n<td>sesi\u00f3n<\/td>\n<td>Propio<\/td>\n<\/tr>\n<tr>\n<td>14<\/td>\n<td>collect<\/td>\n<td>Estad\u00edstica<\/td>\n<td>Se utiliza para enviar datos a Google Analytics sobre el dispositivo del visitante y su comportamiento. Rastrea al visitante a trav\u00e9s de dispositivos y canales de marketing.<\/td>\n<td>sesi\u00f3n<\/td>\n<td>Tercero<\/td>\n<\/tr>\n<tr>\n<td>15<\/td>\n<td>visitor\/v200\/svrGP.aspx<\/td>\n<td>Estad\u00edstica<\/td>\n<td>Esta cookie se utiliza para contar las veces que un sitio web ha sido visitado por diferentes visitantes. Esto se consigue asignando un ID aleatorio al visitante, para evitar el registro doble del visitante.<\/td>\n<td>sesi\u00f3n<\/td>\n<td>Tercero<\/td>\n<\/tr>\n<tr>\n<td>16<\/td>\n<td>__atuvs<\/td>\n<td>Marketing<\/td>\n<td>Asegura que el contador actualizado se muestra al usuario si se comparte una p\u00e1gina con el servicio de compartir de forma social, Add This.<\/td>\n<td>1 d\u00eda<\/td>\n<td>Tercero<\/td>\n<\/tr>\n<tr>\n<td>17<\/td>\n<td>__storejs_convertbox_last_log_visit_date<\/td>\n<td>Marketing<\/td>\n<td>Utilizada en el contexto de la funci\u00f3n de ChatBot en la web. Esta cookie con tiene datos del comportamiento del usuario, lo que permite a la web promover productos y servicio s a trav\u00e9s de la funci\u00f3n de ChatBot o cualquier otro tipo de mensajes pop-up.<\/td>\n<td>Persistente<\/td>\n<td>Tercero<\/td>\n<\/tr>\n<tr>\n<td>18<\/td>\n<td>ads\/ga-audiences<\/td>\n<td>Marketing<\/td>\n<td>Utilizada por Google Ads para reconectar con visitantes que tienen posibilidades de convertirse en clientes, se basa en el comportamiento online del cliente a trav\u00e9s de las webs.<\/td>\n<td>sesi\u00f3n<\/td>\n<td>Tercero<\/td>\n<\/tr>\n<tr>\n<td>19<\/td>\n<td>ELQSTATUS<\/td>\n<td>Marketing<\/td>\n<td>Utilizada para rellenar autom\u00e1ticamente formularios y validar si un contacto dado se ha suscrito a un grupo de correo. La cookie solo se establece si el usuario permite el rastreo.<\/td>\n<td>13 meses<\/td>\n<td>Tercero<\/td>\n<\/tr>\n<tr>\n<td>20<\/td>\n<td>loc<\/td>\n<td>Marketing<\/td>\n<td>Geolocalizaci\u00f3n, que se utiliza para ayudar a los proveedores a determinar d\u00f3nde est\u00e1n geogr\u00e1ficamente ubicados (a nivel de estado) los usuarios que comparten informaci\u00f3n entre s\u00ed.<\/td>\n<td>13 meses<\/td>\n<td>Tercero<\/td>\n<\/tr>\n<\/table>\n<p>INNOVA SCHOOLS har\u00e1 uso de las cookies que no son estrictamente necesarias si es que el usuario ha otorgado su consentimiento en el banner emergente en la parte inferior de la P\u00e1gina Web.<\/p>\n<p><b>4. Gesti\u00f3n de las cookies<\/b><\/p>\n<p>En el momento que, como usuario, lo desees, puedes desactivar el uso de las cookies dentro de la P\u00e1gina Web. No obstante, si optas por desactivarlas, posiblemente no puedas conocer, acceder o visualizar determinadas secciones, im\u00e1genes o partes de la P\u00e1gina Web. Esto puede ocasionar una navegaci\u00f3n menos eficiente o que no puedas aprovechar en su totalidad los servicios ofrecidos en la P\u00e1gina Web. Con relaci\u00f3n a la restricci\u00f3n, bloqueo o borrado de las cookies almacenados en la P\u00e1gina Web, puedes realizarlas en cualquier momento de acuerdo a las especificaciones de tu navegador. Si desconoces la opci\u00f3n o forma de acceder a la configuraci\u00f3n de las cookies, normalmente se encuentra nombrado como \u00abPreferencias\u00bb o \u00abHerramientas\u00bb en los navegadores web. Debes tener en cuenta que, si aceptas las cookies de terceros, deber\u00e1s eliminarlas desde las opciones del navegador o desde el sistema ofrecido por el propio tercero.<\/p>\n<p>Los accesos a la configuraci\u00f3n de cookies de los principales navegadores son los siguientes:<\/p>\n<ul>\n<li>Internet Explorer: Herramientas -> Opciones de Internet -> Privacidad -> Configuraci\u00f3n. Para m\u00e1s informaci\u00f3n, puedes consultar el soporte de Microsoft o la Ayuda del navegador. En cada navegador la ruta a seguir es diferente, pero la funci\u00f3n de \u00abAyuda\u00bb de la web de cada navegador te mostrar\u00e1 c\u00f3mo hacerlo, como, por ejemplo, para Internet Explorer: <a href=\"https:\/\/support.microsoft.com\/es-es\/help\/17442\/windows-internet-explorer-delete-manage-cookies#ie=%22ie-10\">https:\/\/support.microsoft.com\/es-es\/help\/17442\/windows-internet-explorer-delete-manage-cookies#ie=%22ie-10<\/a>.<\/li>\n<li>Safari: Preferencias -> Seguridad. Para m\u00e1s informaci\u00f3n, puedes consultar el soporte de Apple o la Ayuda del navegador en <a href=\"https:\/\/www.apple.com\/es\/privacy\/use-of-cookies\">www.apple.com\/es\/privacy\/use-of-cookies<\/a><\/li>\n<li>Firefox: Herramientas -> Opciones -> Privacidad -> Historial -> Configuraci\u00f3n Personalizada. Para m\u00e1s informaci\u00f3n, puedes consultar el soporte de Mozilla o la Ayuda del navegador en <a href=\"https:\/\/support.mozilla.org\/es\/kb\/Borrar%20cookies\">support.mozilla.org\/es\/kb\/Borrar%20cookies<\/a><\/li>\n<li>Chrome: Configuraci\u00f3n -> Mostrar opciones avanzadas -> Privacidad -> Configuraci\u00f3n de contenido. Para m\u00e1s informaci\u00f3n, puedes consultar el soporte de Google o la Ayuda del navegador en <a href=\"https:\/\/support.google.com\/chrome\/answer\/95647?hl=es\">support.google.com\/chrome\/answer\/95647?hl=es<\/a><\/li>\n<\/ul>\n<p><b>5. Ejercicio de derechos ARCO<\/b><\/p>\n<p>Se informa que el titular de datos personales podr\u00e1 ejercer los derechos de acceso, rectificaci\u00f3n, oposici\u00f3n, cancelaci\u00f3n, revocaci\u00f3n y dem\u00e1s derechos consagrados en el marco normativo peruano, mediante petici\u00f3n dirigida al siguiente correoprotecciondatospersonales@innovaschools.edu.pe o en nuestras oficinas ubicadas en Avenida Carlos Villar\u00e1n No. 140, Urbanizaci\u00f3n Santa Catalina, Torre Interbank, Piso 9, La Victoria, Lima, Per\u00fa.<\/p>\n<p>De considerar que no ha sido atendido en el ejercicio de los derechos de manera adecuada puede presentar una reclamaci\u00f3n ante la Autoridad Nacional de Protecci\u00f3n de Datos Personales, dirigi\u00e9ndose a la Mesa de Partes del Ministerio de Justicia y Derechos Humanos: Calle Scipi\u00f3n Llona 350, Miraflores, Lima, Per\u00fa.<\/p>\n<p><b>6. Actualizaciones y Cambios en la Pol\u00edtica de Cookies<\/b><\/p>\n<p>INNOVA SCHOOLS se reserva el derecho de actualizar esta pol\u00edtica en cualquier momento con el fin de adaptarla a cambios legislativos, reglamentarios o jurisprudenciales u otros. Asimismo, le informamos que cuando modifiquemos esta pol\u00edtica, la fecha que se indica en la parte inferior de esta P\u00e1gina Web ser\u00e1 actualizada. De esta manera, esta pol\u00edtica regir\u00e1 a partir de la fecha de su publicaci\u00f3n y dejar\u00e1 sin efectos las anteriores disposiciones. Por ello, y dado que la pol\u00edtica puede ser actualizada peri\u00f3dicamente, sugerimos a nuestros clientes que la revisen de forma regular, encontr\u00e1ndose disponible en la P\u00e1gina Web.<\/p>\n<p>Fecha de \u00faltima actualizaci\u00f3n: 17 del marzo de 2025<\/p>\n\n","protected":false},"excerpt":{"rendered":"<p>Pol\u00edtica de Cookies COLEGIOS PERUANOS S.A., entidad promotora de la red de colegios INNOVA SCHOOLS (en adelante, \u00abINNOVA SCHOOLS\u00bb), identificada con RUC N\u00ba 20510713363, con domicilio en Avenida Carlos Villar\u00e1n No. 140, Urbanizaci\u00f3n Santa Catalina, Torre Interbank, Piso 9, La Victoria, Lima, en atenci\u00f3n a la Ley N\u00b0 29733, Ley de Protecci\u00f3n de Datos Personales,&hellip;<\/p>\n","protected":false},"author":3,"featured_media":0,"parent":0,"menu_order":0,"comment_status":"closed","ping_status":"closed","template":"","meta":{"footnotes":""},"class_list":["post-5122","page","type-page","status-publish","hentry"],"yoast_head":"<!-- This site is optimized with the Yoast SEO plugin v26.2 - https:\/\/yoast.com\/wordpress\/plugins\/seo\/ -->\n<title>Politicas de Cookies - Colegios Innova Schools<\/title>\n<meta name=\"robots\" content=\"index, follow, max-snippet:-1, max-image-preview:large, max-video-preview:-1\" \/>\n<link rel=\"canonical\" href=\"https:\/\/www.innovaschools.edu.pe\/politicas-de-cookies\/\" \/>\n<meta property=\"og:locale\" content=\"es_ES\" \/>\n<meta property=\"og:type\" content=\"article\" \/>\n<meta property=\"og:title\" content=\"Politicas de Cookies - Colegios Innova Schools\" \/>\n<meta property=\"og:description\" content=\"Pol\u00edtica de Cookies COLEGIOS PERUANOS S.A., entidad promotora de la red de colegios INNOVA SCHOOLS (en adelante, \u00abINNOVA SCHOOLS\u00bb), identificada con RUC N\u00ba 20510713363, con domicilio en Avenida Carlos Villar\u00e1n No. 140, Urbanizaci\u00f3n Santa Catalina, Torre Interbank, Piso 9, La Victoria, Lima, en atenci\u00f3n a la Ley N\u00b0 29733, Ley de Protecci\u00f3n de Datos Personales,&hellip;\" \/>\n<meta property=\"og:url\" content=\"https:\/\/www.innovaschools.edu.pe\/politicas-de-cookies\/\" \/>\n<meta property=\"og:site_name\" content=\"Colegios Innova Schools\" \/>\n<meta property=\"article:modified_time\" content=\"2025-03-29T00:15:22+00:00\" \/>\n<meta name=\"twitter:card\" content=\"summary_large_image\" \/>\n<meta name=\"twitter:label1\" content=\"Tiempo de lectura\" \/>\n\t<meta name=\"twitter:data1\" content=\"10 minutos\" \/>\n<!-- \/ Yoast SEO plugin. -->","yoast_head_json":{"title":"Politicas de Cookies - Colegios Innova Schools","robots":{"index":"index","follow":"follow","max-snippet":"max-snippet:-1","max-image-preview":"max-image-preview:large","max-video-preview":"max-video-preview:-1"},"canonical":"https:\/\/www.innovaschools.edu.pe\/politicas-de-cookies\/","og_locale":"es_ES","og_type":"article","og_title":"Politicas de Cookies - Colegios Innova Schools","og_description":"Pol\u00edtica de Cookies COLEGIOS PERUANOS S.A., entidad promotora de la red de colegios INNOVA SCHOOLS (en adelante, \u00abINNOVA SCHOOLS\u00bb), identificada con RUC N\u00ba 20510713363, con domicilio en Avenida Carlos Villar\u00e1n No. 140, Urbanizaci\u00f3n Santa Catalina, Torre Interbank, Piso 9, La Victoria, Lima, en atenci\u00f3n a la Ley N\u00b0 29733, Ley de Protecci\u00f3n de Datos Personales,&hellip;","og_url":"https:\/\/www.innovaschools.edu.pe\/politicas-de-cookies\/","og_site_name":"Colegios Innova Schools","article_modified_time":"2025-03-29T00:15:22+00:00","twitter_card":"summary_large_image","twitter_misc":{"Tiempo de lectura":"10 minutos"},"schema":{"@context":"https:\/\/schema.org","@graph":[{"@type":"WebPage","@id":"https:\/\/www.innovaschools.edu.pe\/politicas-de-cookies\/","url":"https:\/\/www.innovaschools.edu.pe\/politicas-de-cookies\/","name":"Politicas de Cookies - Colegios Innova Schools","isPartOf":{"@id":"https:\/\/www.innovaschools.edu.pe\/#website"},"datePublished":"2021-04-16T18:52:22+00:00","dateModified":"2025-03-29T00:15:22+00:00","breadcrumb":{"@id":"https:\/\/www.innovaschools.edu.pe\/politicas-de-cookies\/#breadcrumb"},"inLanguage":"es","potentialAction":[{"@type":"ReadAction","target":["https:\/\/www.innovaschools.edu.pe\/politicas-de-cookies\/"]}]},{"@type":"BreadcrumbList","@id":"https:\/\/www.innovaschools.edu.pe\/politicas-de-cookies\/#breadcrumb","itemListElement":[{"@type":"ListItem","position":1,"name":"Home","item":"https:\/\/www.innovaschools.edu.pe\/"},{"@type":"ListItem","position":2,"name":"Politicas de Cookies"}]},{"@type":"WebSite","@id":"https:\/\/www.innovaschools.edu.pe\/#website","url":"https:\/\/www.innovaschools.edu.pe\/","name":"Colegios Innova Schools","description":"","publisher":{"@id":"https:\/\/www.innovaschools.edu.pe\/#organization"},"potentialAction":[{"@type":"SearchAction","target":{"@type":"EntryPoint","urlTemplate":"https:\/\/www.innovaschools.edu.pe\/?s={search_term_string}"},"query-input":{"@type":"PropertyValueSpecification","valueRequired":true,"valueName":"search_term_string"}}],"inLanguage":"es"},{"@type":"Organization","@id":"https:\/\/www.innovaschools.edu.pe\/#organization","name":"Colegios Innova Schools","url":"https:\/\/www.innovaschools.edu.pe\/","logo":{"@type":"ImageObject","inLanguage":"es","@id":"https:\/\/www.innovaschools.edu.pe\/#\/schema\/logo\/image\/","url":"https:\/\/www.innovaschools.edu.pe\/wp-content\/uploads\/2017\/05\/Innova-logo-normal.png","contentUrl":"https:\/\/www.innovaschools.edu.pe\/wp-content\/uploads\/2017\/05\/Innova-logo-normal.png","width":201,"height":91,"caption":"Colegios Innova Schools"},"image":{"@id":"https:\/\/www.innovaschools.edu.pe\/#\/schema\/logo\/image\/"}}]}},"_links":{"self":[{"href":"https:\/\/www.innovaschools.edu.pe\/legacy\/wp-json\/wp\/v2\/pages\/5122","targetHints":{"allow":["GET"]}}],"collection":[{"href":"https:\/\/www.innovaschools.edu.pe\/legacy\/wp-json\/wp\/v2\/pages"}],"about":[{"href":"https:\/\/www.innovaschools.edu.pe\/legacy\/wp-json\/wp\/v2\/types\/page"}],"author":[{"embeddable":true,"href":"https:\/\/www.innovaschools.edu.pe\/legacy\/wp-json\/wp\/v2\/users\/3"}],"replies":[{"embeddable":true,"href":"https:\/\/www.innovaschools.edu.pe\/legacy\/wp-json\/wp\/v2\/comments?post=5122"}],"version-history":[{"count":3,"href":"https:\/\/www.innovaschools.edu.pe\/legacy\/wp-json\/wp\/v2\/pages\/5122\/revisions"}],"predecessor-version":[{"id":9716,"href":"https:\/\/www.innovaschools.edu.pe\/legacy\/wp-json\/wp\/v2\/pages\/5122\/revisions\/9716"}],"wp:attachment":[{"href":"https:\/\/www.innovaschools.edu.pe\/legacy\/wp-json\/wp\/v2\/media?parent=5122"}],"curies":[{"name":"wp","href":"https:\/\/api.w.org\/{rel}","templated":true}]}}