{"id":51,"date":"2017-05-03T12:55:15","date_gmt":"2017-05-03T17:55:15","guid":{"rendered":"https:\/\/www.innovaschools.edu.pe\/?page_id=51"},"modified":"2025-07-08T10:13:49","modified_gmt":"2025-07-08T15:13:49","slug":"preguntas-frecuentes","status":"publish","type":"page","link":"https:\/\/www.innovaschools.edu.pe\/legacy\/preguntas-frecuentes\/","title":{"rendered":"Preguntas Frecuentes"},"content":{"rendered":"\r\n\r\n\t\t\t<button tabindex=\"0\" aria-label=\"Menu\">\r\n\t\t\t\t\t\t\t<\/button>\r\n\t<nav aria-label=\"Preguntas Frecuentes\" itemscope=\"itemscope\" itemtype=\"https:\/\/schema.org\/SiteNavigationElement\">\r\n\t\t<ul id=\"menu-preguntas-frecuentes\"><li id=\"menu-item-940\"><a href=\"https:\/\/www.innovaschools.edu.pe\/preguntas-frecuentes\/admision\/\">Admisi\u00f3n 2024<\/a><\/li><li id=\"menu-item-939\"><a href=\"https:\/\/www.innovaschools.edu.pe\/preguntas-frecuentes\/metodologia-innova\/\">Metodolog\u00eda Innova<\/a><\/li><li id=\"menu-item-938\"><a href=\"https:\/\/www.innovaschools.edu.pe\/preguntas-frecuentes\/dia-a-dia-con-innova-schools\/\">D\u00eda a D\u00eda con Innova Schools<\/a><\/li><li id=\"menu-item-937\"><a href=\"https:\/\/www.innovaschools.edu.pe\/preguntas-frecuentes\/quieres-trabajar-en-innova-schools\/\">\u00bfQuieres trabajar en Innova Schools?<\/a><\/li><\/ul>\r\n\t\t\t<\/nav>\r\n\t\t<h4>\r\n\t\t\tModal Box\r\n\t\t\t\t\t<\/h4>\r\n\t\t<h5>modal-<\/h5>\r\n\t\tClick here to edit the \u00abmodal-box\u00bb settings. This text is only for editing and will not appear after you publish the changes.\t\r\n\t\t\t\t\t\tPreview\r\n\t\t\tmodal-\r\n\t\t\t\t\t\t<p><a href=\"https:\/\/www.innovaschools.edu.pe\/lp\/elige-la-mejor-opcion\/?ref_click=popup_pregfrecuentes\" target=\"_blank\" rel=\"noopener\"><img decoding=\"async\" src=\"https:\/\/www.innovaschools.edu.pe\/wp-content\/uploads\/2024\/02\/Popupg.png\" alt=\"Open Day\" \/><\/a><\/p>\r\n\t\t\t\t \u00bfCu\u00e1l es el proceso para postular a Innova Schools?\r\n\t\t\t\t<p><strong>DESDE ESTE A\u00d1O ESTE PROCESO SE REALIZA EN NUESTRA WEB. SIGUE ESTOS PASOS:<\/strong><\/p>\r\n<ol>\r\n<li>Ingresa a <a href=\"https:\/\/www.innovaschools.edu.pe\/\" target=\"_blank\" rel=\"noopener noreferrer\" data-stringify-link=\"https:\/\/www.innovaschools.edu.pe\" data-sk=\"tooltip_parent\">www.innovaschools.edu.pe<\/a> y y haz clic en <strong>Admisi\u00f3n 2024<\/strong>.<\/li>\r\n<li>Podr\u00e1s comprobar si hay vacante en el grado y sede de tu elecci\u00f3n. Una vez validada la vacante, el sistema crear\u00e1 tu usuario y deber\u00e1s ingresar una contrase\u00f1a.<\/li>\r\n<li>Genera tu c\u00f3digo de pago para el Derecho de Evaluaci\u00f3n. Podr\u00e1s acercarte a pagar a un Interbank luego de 24 horas, hasta las fechas que te brindar\u00e1 la web. Indica que pagar\u00e1s el concepto <strong>Der.Adm<\/strong>, y como <strong>c\u00f3digo<\/strong> el DNI de tu hijo.<\/li>\r\n<li>Luego de 24 horas de efectuado el pago, ingresa a www.www.innovaschools.edu.pe. Haz click en Admisi\u00f3n e ingresa tu usuario (tu DNI) y contrase\u00f1a.<br \/><small>(*) <i> Si pagas s\u00e1bado o domingo en Interbank, podr\u00e1s realizar el siguiente paso a partir del martes.<\/i><\/small><\/li>\r\n<li>Para rendir la evaluaci\u00f3n:<\/li>\r\n<\/ol>\r\n<p><strong>DESDE INICIAL HASTA 1ER GRADO DE PRIMARIA<\/strong><br \/>&#8211; Completa el formulario de evaluaci\u00f3n.<br \/>&#8211; Escanea los siguientes documentos y env\u00edalos al correo del asistente de cada sede o ll\u00e9valos en f\u00edsico a la sede:<br \/>DNI<br \/>\u00daltima libreta de notas vigente<\/p>\r\n<p><small>(*) En caso de no presentar estos documentos no se emitir\u00e1 el resultado de la evaluaci\u00f3n.<\/small><br \/><strong>DESDE 2DO GRADO DE PRIMARIA A 5TO GRADO DE SECUNDARIA<\/strong><br \/>&#8211; Agenda una evaluaci\u00f3n y asiste puntualmente a la fecha y hora programada.<br \/>&#8211; Para la evaluaci\u00f3n es obligatoria la asistencia de uno de los padres de familia Debes llevar:<\/p>\r\n<ul>\r\n<li>Copia del DNI<\/li>\r\n<li>\u00daltima libreta de notas vigente<\/li>\r\n<\/ul>\r\n<p><small>(*) En caso de no presentar estos documentos no se emitir\u00e1 el resultado de la evaluaci\u00f3n.<\/small><\/p>\r\n<p><strong>SIGUIENTES PASOS EN EL PROCESO DE ADMISI\u00d3N<\/strong><\/p>\r\n<ol>\r\n<li>Los resultados de la evaluaci\u00f3n se conocer\u00e1n en los siguientes <strong>3 d\u00edas<\/strong> calendario por medio de correo electr\u00f3nico con el que se inscribi\u00f3.<\/li>\r\n<li>Luego de la comunicaci\u00f3n del resultado, tiene un plazo de <strong>5 d\u00edas<\/strong> calendario para pagar la <strong>Cuota administrativa<\/strong> en Interbank, con el DNI de su hijo.<\/li>\r\n<li>Despu\u00e9s de pagar la Cuota administrativa, tiene un plazo de <strong>15 d\u00edas<\/strong> para pagar el <strong>Derecho de Matr\u00edcula<\/strong> 2024.<\/li>\r\n<li>Recibir\u00e1 la <strong>Constancia de Vacante<\/strong> una vez enviada la constancia de pago de la <strong>Cuota administrativa<\/strong> y <strong>Derecho de Matr\u00edcula<\/strong> a la sede, v\u00eda correo electr\u00f3nico o presencial.<\/li>\r\n<\/ol>\r\n<p>Al recibir la Constancia de Vacante, encontrar\u00e1 el listado de documentos que deber\u00e1 entregar en su totalidad en la sede. De lo contrario, no se dar\u00e1 por concluido el proceso de matr\u00edcula<br \/><strong>Es obligatorio cumplir con todos los plazos y pasos del proceso de matr\u00edcula 2024 para que el estudiante se considere matriculado y pueda asistir al primer d\u00eda de clases.<\/strong><br \/><small>(*) No habr\u00e1 devoluci\u00f3n por el pago del Derecho de Evaluaci\u00f3n, pago de Derecho de Matr\u00edcula y ning\u00fan otro concepto.<\/small><\/p>\r\n\t\t\t\t  Si tengo varios hijos, \u00bfpuedo acceder a alg\u00fan descuento?\r\n\t\t\t\t<p>Si, obtendr\u00e1s un descuento en las pensiones:<\/p>\r\n<p>2do hijo 5% y 3er hijo 10% (Estudiantes nuevos 2024)<\/p>\r\n<p>Ning\u00fan descuento es acumulable. Los descuentos solo se aplican en caso se paguen bajo la modalidad de Pronto Pago (dentro de los 7 d\u00edas del siguiente mes)<\/p>\r\n<p><small>(*) Los descuentos pueden variar para estudiantes que ingresaron a Innova Schools antes del 2017.<\/small><\/p>\r\n\t\t\t\t\u00bfC\u00f3mo puedo obtener una beca en Innova Schools?\r\n\t\t\t\t<p>Tenemos una alianza con la asociaci\u00f3n Civil Per\u00fa Champs, que otorga becas a ni\u00f1os de escasos recursos y de alto potencial acad\u00e9mico, art\u00edstico y\/o deportivo. Por ahora no contamos con un programa de Becas de parte de Innova Schools. Para mayor informaci\u00f3n puedes escribir a:becas@peruchamps.org<\/p>\r\n\t\t\t\t\u00bfEn qu\u00e9 fecha inicia y termina el proceso de Admisi\u00f3n en Innova Schools?\r\n\t\t\t\t<p>Nuestro proceso de Admisi\u00f3n 2024 inicia en junio de 2023 y finaliza en marzo del 2024.<\/p>\r\n\t\t\t\t \u00bfA qu\u00e9 grado debe postular mi hijo?\r\n\t\t\t\t<p>La ley se\u00f1ala que debes tener la edad que corresponde al grado que postulo, al 31 de marzo. Por ejemplo, para que el ni\u00f1o pueda ingresar a Beginners, debe tener los 3 a\u00f1os cumplidos como m\u00e1ximo hasta Marzo.<\/p>\r\n\t\t\t\t\u00bfPuedo separar o reservar una vacante?\r\n\t\t\t\t<p>Todos los alumnos deben pasar por el proceso de admisi\u00f3n de forma regular, no contamos con separaci\u00f3n de vacantes.<\/p>\r\n\t\t\t\t\u00bfQui\u00e9nes deben llenar formulario psicopedag\u00f3gico y qui\u00e9nes rendir examen de admisi\u00f3n?\r\n\t\t\t\t<p>Los alumnos postulantes a los grados de Beginners, Pre Kinder, Kinder y 1\u00b0 Primaria: Los PPFF son evaluados mediante un formulario psico pedag\u00f3gico el cual debe ser llenado y entregado a la sede correspondiente.<\/p>\r\n<p>Los alumnos postulantes a los grados de 2\u00b0 Primera en adelante: Son evaluados mediante un examen de admisi\u00f3n, en el que evaluamos la capacidad intelectual de los estudiantes, as\u00ed como sus rasgos emocionales.<\/p>\r\n\t\t\t\t\u00bfQu\u00e9 debo llevar a mi entrevista\/examen de admisi\u00f3n?\r\n\t\t\t\t<p>Debes llegar 20 minutos antes de la hora citada para entregar los papeles y escuchar las indicaciones al inicio de la evaluaci\u00f3n.<\/p>\r\n<p>Documentos obligatorios para presentar ese d\u00eda:<\/p>\r\n<ul>\r\n<li>Copia del DNI del postulante<\/li>\r\n<li>Copia del voucher del pago de la entrevista o examen<\/li>\r\n<li>La \u00faltima libreta de notas del a\u00f1o anterior (Excepto ni\u00f1os(as) que ingresan a Beginners o inicien por primera vez su etapa escolar)<\/li>\r\n<\/ul>\r\n\t\t\t\t\u00bfEs obligatoria la asistencia de ambos padres a la evaluaci\u00f3n de admisi\u00f3n?\r\n\t\t\t\t<p>Para el examen solo es obligatoria la presencia de uno de los padres.<\/p>\r\n\t\t\t\t\u00bfCu\u00e1les son los temas a medir en la evaluaci\u00f3n de admisi\u00f3n?\r\n\t\t\t\t<p>En esta evaluaci\u00f3n se mide la capacidad intelectual de los estudiantes, as\u00ed como sus rasgos emocionales. Adem\u00e1s, evaluamos la comprensi\u00f3n lectora y resoluci\u00f3n de problemas matem\u00e1ticos.<\/p>\r\n\t\t\t\t \u00bfSe puede reevaluar al ni\u00f1o en el mismo proceso de admisi\u00f3n?\r\n\t\t\t\t<p>Si el caso es un ni\u00f1o que no fue aprobado en la evaluaci\u00f3n de admisi\u00f3n, no podr\u00e1 ser reevaluado en otra sede de Innova Schools, en el a\u00f1o que postul\u00f3. Podr\u00e1 volver a postular en el a\u00f1o siguiente.<\/p>\r\n\t\t\t\t\u00bfEs obligatoria la asistencia a alguna charla informativa?\r\n\t\t\t\t<p>No es obligatoria, pero es importante. Le recomendamos que asista a una o que vea las charlas digitales, esto le servir\u00e1 para que entienda la propuesta de Innova Schools.<\/p>\r\n\t\t\t\tMi hijo viene de un colegio menos exigente, \u00bfc\u00f3mo ser\u00e1 su adaptaci\u00f3n en Innova Schools?\r\n\t\t\t\t<p>La instituci\u00f3n hace seguimiento y brinda algunas recomendaciones adecuadas a las necesidades de cada caso. Para que este proceso de adaptaci\u00f3n se de exitosamente, es muy importante contar con el apoyo de los padres de familia en el cumplimiento de las recomendaciones dadas.<\/p>\r\n\t\t\t\t\u00bfPuedo trasladar a mi hijo a Innova Schools una vez iniciado el a\u00f1o escolar?\r\n\t\t\t\t<p>S\u00ed, pero todo traslado estar\u00e1 sujeto a aprobaci\u00f3n del director y disponibilidad de vacante. Si procede, tendr\u00edas que pagar las condiciones y obligaciones que corresponden a un estudiante nuevo y ser\u00e1 evaluado para verificar su capacidad para ponerse al d\u00eda o mantener el ritmo de los dem\u00e1s estudiantes.<\/p>\r\n\r\n","protected":false},"excerpt":{"rendered":"<p>Admisi\u00f3n 2024 Metodolog\u00eda Innova D\u00eda a D\u00eda con Innova Schools \u00bfQuieres trabajar en Innova Schools? Modal Box modal- Click here to edit the \u00abmodal-box\u00bb settings. This text is only for editing and will not appear after you publish the changes. Preview modal- \u00bfCu\u00e1l es el proceso para postular a Innova Schools? DESDE ESTE A\u00d1O ESTE&hellip;<\/p>\n","protected":false},"author":3,"featured_media":0,"parent":0,"menu_order":0,"comment_status":"closed","ping_status":"closed","template":"","meta":{"footnotes":""},"class_list":["post-51","page","type-page","status-publish","hentry"],"yoast_head":"<!-- This site is optimized with the Yoast SEO plugin v26.2 - https:\/\/yoast.com\/wordpress\/plugins\/seo\/ -->\n<title>Preguntas y Respuestas sobre el colegio | Innova Schools<\/title>\n<meta name=\"description\" content=\"Si tienes alguna consulta en particular, ingresa aqu\u00ed y responderemos tus dudas sobre el proceso de matricula, descuentos, becas y m\u00e1s.\" \/>\n<meta name=\"robots\" content=\"noindex, nofollow\" \/>\n<meta property=\"og:locale\" content=\"es_ES\" \/>\n<meta property=\"og:type\" content=\"article\" \/>\n<meta property=\"og:title\" content=\"Preguntas y Respuestas sobre el colegio | Innova Schools\" \/>\n<meta property=\"og:description\" content=\"Si tienes alguna consulta en particular, ingresa aqu\u00ed y responderemos tus dudas sobre el proceso de matricula, descuentos, becas y m\u00e1s.\" \/>\n<meta property=\"og:url\" content=\"https:\/\/www.innovaschools.edu.pe\/preguntas-frecuentes\/\" \/>\n<meta property=\"og:site_name\" content=\"Colegios Innova Schools\" \/>\n<meta property=\"article:modified_time\" content=\"2025-07-08T15:13:49+00:00\" \/>\n<meta property=\"og:image\" content=\"https:\/\/www.innovaschools.edu.pe\/wp-content\/uploads\/2024\/02\/Popupg.png\" \/>\n<meta name=\"twitter:card\" content=\"summary_large_image\" \/>\n<meta name=\"twitter:label1\" content=\"Tiempo de lectura\" \/>\n\t<meta name=\"twitter:data1\" content=\"6 minutos\" \/>\n<!-- \/ Yoast SEO plugin. -->","yoast_head_json":{"title":"Preguntas y Respuestas sobre el colegio | Innova Schools","description":"Si tienes alguna consulta en particular, ingresa aqu\u00ed y responderemos tus dudas sobre el proceso de matricula, descuentos, becas y m\u00e1s.","robots":{"index":"noindex","follow":"nofollow"},"og_locale":"es_ES","og_type":"article","og_title":"Preguntas y Respuestas sobre el colegio | Innova Schools","og_description":"Si tienes alguna consulta en particular, ingresa aqu\u00ed y responderemos tus dudas sobre el proceso de matricula, descuentos, becas y m\u00e1s.","og_url":"https:\/\/www.innovaschools.edu.pe\/preguntas-frecuentes\/","og_site_name":"Colegios Innova Schools","article_modified_time":"2025-07-08T15:13:49+00:00","og_image":[{"url":"https:\/\/www.innovaschools.edu.pe\/wp-content\/uploads\/2024\/02\/Popupg.png","type":"","width":"","height":""}],"twitter_card":"summary_large_image","twitter_misc":{"Tiempo de lectura":"6 minutos"},"schema":{"@context":"https:\/\/schema.org","@graph":[{"@type":"WebPage","@id":"https:\/\/www.innovaschools.edu.pe\/preguntas-frecuentes\/","url":"https:\/\/www.innovaschools.edu.pe\/preguntas-frecuentes\/","name":"Preguntas y Respuestas sobre el colegio | Innova Schools","isPartOf":{"@id":"https:\/\/www.innovaschools.edu.pe\/#website"},"primaryImageOfPage":{"@id":"https:\/\/www.innovaschools.edu.pe\/preguntas-frecuentes\/#primaryimage"},"image":{"@id":"https:\/\/www.innovaschools.edu.pe\/preguntas-frecuentes\/#primaryimage"},"thumbnailUrl":"https:\/\/www.innovaschools.edu.pe\/wp-content\/uploads\/2024\/02\/Popupg.png","datePublished":"2017-05-03T17:55:15+00:00","dateModified":"2025-07-08T15:13:49+00:00","description":"Si tienes alguna consulta en particular, ingresa aqu\u00ed y responderemos tus dudas sobre el proceso de matricula, descuentos, becas y m\u00e1s.","breadcrumb":{"@id":"https:\/\/www.innovaschools.edu.pe\/preguntas-frecuentes\/#breadcrumb"},"inLanguage":"es","potentialAction":[{"@type":"ReadAction","target":["https:\/\/www.innovaschools.edu.pe\/preguntas-frecuentes\/"]}]},{"@type":"ImageObject","inLanguage":"es","@id":"https:\/\/www.innovaschools.edu.pe\/preguntas-frecuentes\/#primaryimage","url":"https:\/\/www.innovaschools.edu.pe\/wp-content\/uploads\/2024\/02\/Popupg.png","contentUrl":"https:\/\/www.innovaschools.edu.pe\/wp-content\/uploads\/2024\/02\/Popupg.png"},{"@type":"BreadcrumbList","@id":"https:\/\/www.innovaschools.edu.pe\/preguntas-frecuentes\/#breadcrumb","itemListElement":[{"@type":"ListItem","position":1,"name":"Home","item":"https:\/\/www.innovaschools.edu.pe\/"},{"@type":"ListItem","position":2,"name":"Preguntas Frecuentes"}]},{"@type":"WebSite","@id":"https:\/\/www.innovaschools.edu.pe\/#website","url":"https:\/\/www.innovaschools.edu.pe\/","name":"Colegios Innova Schools","description":"","publisher":{"@id":"https:\/\/www.innovaschools.edu.pe\/#organization"},"potentialAction":[{"@type":"SearchAction","target":{"@type":"EntryPoint","urlTemplate":"https:\/\/www.innovaschools.edu.pe\/?s={search_term_string}"},"query-input":{"@type":"PropertyValueSpecification","valueRequired":true,"valueName":"search_term_string"}}],"inLanguage":"es"},{"@type":"Organization","@id":"https:\/\/www.innovaschools.edu.pe\/#organization","name":"Colegios Innova Schools","url":"https:\/\/www.innovaschools.edu.pe\/","logo":{"@type":"ImageObject","inLanguage":"es","@id":"https:\/\/www.innovaschools.edu.pe\/#\/schema\/logo\/image\/","url":"https:\/\/www.innovaschools.edu.pe\/wp-content\/uploads\/2017\/05\/Innova-logo-normal.png","contentUrl":"https:\/\/www.innovaschools.edu.pe\/wp-content\/uploads\/2017\/05\/Innova-logo-normal.png","width":201,"height":91,"caption":"Colegios Innova Schools"},"image":{"@id":"https:\/\/www.innovaschools.edu.pe\/#\/schema\/logo\/image\/"}}]}},"_links":{"self":[{"href":"https:\/\/www.innovaschools.edu.pe\/legacy\/wp-json\/wp\/v2\/pages\/51","targetHints":{"allow":["GET"]}}],"collection":[{"href":"https:\/\/www.innovaschools.edu.pe\/legacy\/wp-json\/wp\/v2\/pages"}],"about":[{"href":"https:\/\/www.innovaschools.edu.pe\/legacy\/wp-json\/wp\/v2\/types\/page"}],"author":[{"embeddable":true,"href":"https:\/\/www.innovaschools.edu.pe\/legacy\/wp-json\/wp\/v2\/users\/3"}],"replies":[{"embeddable":true,"href":"https:\/\/www.innovaschools.edu.pe\/legacy\/wp-json\/wp\/v2\/comments?post=51"}],"version-history":[{"count":4,"href":"https:\/\/www.innovaschools.edu.pe\/legacy\/wp-json\/wp\/v2\/pages\/51\/revisions"}],"predecessor-version":[{"id":9861,"href":"https:\/\/www.innovaschools.edu.pe\/legacy\/wp-json\/wp\/v2\/pages\/51\/revisions\/9861"}],"wp:attachment":[{"href":"https:\/\/www.innovaschools.edu.pe\/legacy\/wp-json\/wp\/v2\/media?parent=51"}],"curies":[{"name":"wp","href":"https:\/\/api.w.org\/{rel}","templated":true}]}}