{"id":185,"date":"2017-05-31T09:33:11","date_gmt":"2017-05-31T14:33:11","guid":{"rendered":"https:\/\/www.innovaschools.edu.pe\/?page_id=185"},"modified":"2018-12-20T16:49:12","modified_gmt":"2018-12-20T21:49:12","slug":"pilares","status":"publish","type":"page","link":"https:\/\/www.innovaschools.edu.pe\/legacy\/propuesta-educativa\/pilares\/","title":{"rendered":"Pilares"},"content":{"rendered":"<h1>\n\t\tColegio construido<br \/>para el aprendizaje<br \/>\n\t<\/h1>\n<blockquote>\n<p>La infraestructura de todos nuestros colegios es de \u00f3ptima calidad.<\/p>\n<p>Todos los colegios son construidos desde cero con materiales adecuados para el cuidado de los ni\u00f1os.<\/p>\n<\/blockquote>\n<p>Nuestra infraestructura es dise\u00f1ada para soportar el buen desarrollo de nuestra metodolog\u00eda, todas las aulas cuentan con carpetas grupales para el group learning, aulas multimedia para el solo learning, canchas deportivas, laboratorios completamente equipados, cafeter\u00eda y concesionario de comida.<\/p>\n<p>Cuenta con un \u00e1rea de inicial independiente en donde las aulas son dise\u00f1adas especialmente para cumplir las exigencias de la metodolog\u00eda Early Childhood.<\/p>\n<p>\t<a href=\"#\" id=\"trigger-\" data-modal=\"\" data-node=\"\"><br \/>\n\t\t\t\t\t\t\t\t\tTour Virtual<br \/>\n\t\t\t\t\t\t\t\t\t\t<\/a><br \/>\n\t\t\t\t\t\tPreview<br \/>\n\t\t\tmodal-<br \/>\n\t\t\t\t\t\t<iframe data-src=\"https:\/\/www.innovaschools.edu.pe\/tour_virtual\/\" frameborder=\"0\" width=\"100%\" height=\"100%\"><\/iframe><br \/>\n\t<a href=\"https:\/\/www.innovaschools.edu.pe\/sedes\/\" target=\"_self\" role=\"button\"><br \/>\n\t\t\t\tConoce Nuestras Sedes<br \/>\n\t\t\t<\/a><\/p>\n<h2>\n\t\tNuestros Profesores<br \/>\n\t<\/h2>\n<blockquote>\n<p>Cumplen un rol de acompa\u00f1ar, moderar y retroalimentar las sesiones con los alumnos.<\/p>\n<\/blockquote>\n<h4>Excelentes profesionales en educaci\u00f3n:<\/h4>\n<ul>\n<li>Son capacitados constantemente (128 horas al a\u00f1o)\n<ul>\n<li>Para adaptarse a la metodolog\u00eda<\/li>\n<li>Y poder ser gu\u00eda de nuestros estudiantes<\/li>\n<li>Mantener sus conocimientos actualizados<\/li>\n<\/ul>\n<\/li>\n<\/ul>\n<h4>Un programa de acompa\u00f1amiento:<\/h4>\n<p>El equipo docente est\u00e1 guiado por un equipo de coaches pedag\u00f3gicos quienes velan por la calidad acad\u00e9mica brindada en cada clase dictada, soportado por un sistema de retroalimentar para estar en constante mejor\u00eda.<\/p>\n<p>Nuestro programa de capacitaciones es estandarizado a nivel nacional todos los docentes reciben los mismos beneficios.<\/p>\n<h2>\n\t\tValores<br \/>\n\t<\/h2>\n<blockquote>\n<p>El desarrollo personal de los estudiantes es un \u00e1rea transversal en el curr\u00edculo de Innova Schools, atraviesa todas las experiencias de aprendizaje y busca contribuir a la formaci\u00f3n de personas inspiradas, inteligentes y \u00e9ticas para construir el futuro liderazgo del Per\u00fa.<\/p>\n<\/blockquote>\n<p>\t<a href=\"#\" id=\"trigger-\" data-modal=\"\" data-node=\"\"><br \/>\n\t\t\t\t\t\t\t\t\tver m\u00e1s<br \/>\n\t\t\t\t\t\t\t\t\t\t<\/a><br \/>\n\t\t\t\t\t\tPreview<br \/>\n\t\t\tmodal-<br \/>\n\t\t\t\t\t\t<div class=\"fl-builder-content fl-builder-content-1410 fl-builder-template fl-builder-layout-template fl-builder-global-templates-locked\" data-post-id=\"1410\"><div class=\"fl-row fl-row-full-width fl-row-bg-none fl-node-596931c6b20f0 fl-row-default-height fl-row-align-center texto-justificado content-center\" data-node=\"596931c6b20f0\">\n\t<div class=\"fl-row-content-wrap\">\n\t\t\t\t\t\t<div class=\"fl-row-content fl-row-fixed-width fl-node-content\">\n\t\t\n<div class=\"fl-col-group fl-node-596931c6b2149\" data-node=\"596931c6b2149\">\n\t\t\t<div class=\"fl-col fl-node-596931c6b219b fl-col-bg-color fl-col-has-cols\" data-node=\"596931c6b219b\">\n\t<div class=\"fl-col-content fl-node-content\"><div id=\"my-modal-close\" class=\"fl-module fl-module-html fl-node-596931c6b23ac pp-modal-close\" data-node=\"596931c6b23ac\">\n\t<div class=\"fl-module-content fl-node-content\">\n\t\t<div class=\"fl-html\">\n\t<h4 class=\"modal-close-text orange orange-hover\">\n    <i class=\"icon-innova-cerrar left-modal-close-button\"><\/i>\n    <span>Volver a:<\/span> Valores\n<\/h4><\/div>\n\t<\/div>\n<\/div>\n\n<div class=\"fl-col-group fl-node-59a5d4895b0e2 fl-col-group-nested\" data-node=\"59a5d4895b0e2\">\n\t\t\t<div class=\"fl-col fl-node-59a5d4895d6a6 fl-col-bg-color fl-col-small\" data-node=\"59a5d4895d6a6\">\n\t<div class=\"fl-col-content fl-node-content\"><div class=\"fl-module fl-module-rich-text fl-node-59a5d4a47d80e\" data-node=\"59a5d4a47d80e\">\n\t<div class=\"fl-module-content fl-node-content\">\n\t\t<div class=\"fl-rich-text\">\n\t<p>El desarrollo personal en nuestros alumnos se trabaja de manera transversal en todos los cursos, logrando que desarrollen sus capacidades al mismo tiempo que desarrollan las habilidades personales necesarias para impactar de manera positiva en su sociedad.<\/p>\n<\/div>\n\t<\/div>\n<\/div>\n<\/div>\n<\/div>\n\t\t\t<div class=\"fl-col fl-node-59a5d4895d6ea fl-col-bg-color fl-col-small\" data-node=\"59a5d4895d6ea\">\n\t<div class=\"fl-col-content fl-node-content\"><div class=\"fl-module fl-module-rich-text fl-node-596931c6b21ee\" data-node=\"596931c6b21ee\">\n\t<div class=\"fl-module-content fl-node-content\">\n\t\t<div class=\"fl-rich-text\">\n\t<p>Los alumnos cuentan con espacios de consejer\u00eda desde 1\u00ba de primaria y a lo largo de toda su vida escolar, d\u00f3nde tienen la oportunidad de aprender y sobre todo reflexionar sobre temas que competen a las preocupaciones acordes a su edad. <\/p>\n<\/div>\n\t<\/div>\n<\/div>\n<\/div>\n<\/div>\n\t<\/div>\n<div class=\"fl-module fl-module-rich-text fl-node-59a5d494b00e3\" data-node=\"59a5d494b00e3\">\n\t<div class=\"fl-module-content fl-node-content\">\n\t\t<div class=\"fl-rich-text\">\n\t<p>En este espacio se contemplan 4 ejes tem\u00e1ticos transversales que trabajamos a trav\u00e9s de din\u00e1micas d\u00e1ndole al estudiante la oportunidad de compartir sus inquietudes y dar sus opiniones.<\/p>\n<p>Los 4 ejes tem\u00e1ticos son:<\/p>\n<\/div>\n\t<\/div>\n<\/div>\n\n<div class=\"fl-col-group fl-node-596931c6b2263 fl-col-group-nested fl-col-group-equal-height fl-col-group-align-top\" data-node=\"596931c6b2263\">\n\t\t\t<div class=\"fl-col fl-node-59a5d48b2e171 fl-col-bg-color fl-col-small\" data-node=\"59a5d48b2e171\">\n\t<div class=\"fl-col-content fl-node-content\"><div class=\"fl-module fl-module-photo fl-node-59a5d4b7613e6\" data-node=\"59a5d4b7613e6\">\n\t<div class=\"fl-module-content fl-node-content\">\n\t\t<div role=\"figure\" class=\"fl-photo fl-photo-align-center\">\n\t<div class=\"fl-photo-content fl-photo-img-png\">\n\t\t\t\t<img decoding=\"async\" width=\"828\" height=\"1000\" class=\"fl-photo-img wp-image-1169\" src=\"https:\/\/www.innovaschools.edu.pe\/wp-content\/uploads\/2017\/05\/pilares-ni\u00f1o2.png\" alt=\"pilares-ni\u00f1o2\" title=\"pilares-ni\u00f1o2\"  itemprop=\"image\" srcset=\"https:\/\/www.innovaschools.edu.pe\/legacy\/wp-content\/uploads\/2017\/05\/pilares-ni\u00f1o2.png 828w, https:\/\/www.innovaschools.edu.pe\/legacy\/wp-content\/uploads\/2017\/05\/pilares-ni\u00f1o2-232x280.png 232w, https:\/\/www.innovaschools.edu.pe\/legacy\/wp-content\/uploads\/2017\/05\/pilares-ni\u00f1o2-768x928.png 768w\" sizes=\"(max-width: 828px) 100vw, 828px\" \/>\n\t\t\t\t\t<\/div>\n\t<\/div>\n\t<\/div>\n<\/div>\n<\/div>\n<\/div>\n\t\t\t<div class=\"fl-col fl-node-596931c6b22b8 fl-col-bg-color\" data-node=\"596931c6b22b8\">\n\t<div class=\"fl-col-content fl-node-content\"><div class=\"fl-module fl-module-pp-iconlist fl-node-59a5d4de6afac popup-list\" data-node=\"59a5d4de6afac\">\n\t<div class=\"fl-module-content fl-node-content\">\n\t\t\n<div class=\"pp-icon-list pp-user-agent-\">\n\t<ul class=\"pp-icon-list-items pp-list-type-icon\">\n\t\n\t\t\t<li class=\"pp-icon-list-item pp-icon-list-item-0\">\n\t\t\t\t<span class=\"pp-list-item-icon icon-innova-1\"><\/span>\n\t\t\t\t<span class=\"pp-list-item-text\">Autoestima  \u2192  \u00bfQui\u00e9n soy yo? <\/span>\n\t\t\t<\/li>\n\n\t\t\n\t\t<\/ul>\n<\/div>\n\t<\/div>\n<\/div>\n<div class=\"fl-module fl-module-pp-iconlist fl-node-59a5d50dedaf8 popup-list\" data-node=\"59a5d50dedaf8\">\n\t<div class=\"fl-module-content fl-node-content\">\n\t\t\n<div class=\"pp-icon-list pp-user-agent-\">\n\t<ul class=\"pp-icon-list-items pp-list-type-icon\">\n\t\n\t\t\t<li class=\"pp-icon-list-item pp-icon-list-item-0\">\n\t\t\t\t<span class=\"pp-list-item-icon icon-innova-2\"><\/span>\n\t\t\t\t<span class=\"pp-list-item-text\">Habilidades socioemocionales \u2192 \u00bfC\u00f3mo me relaciono con los dem\u00e1s? <\/span>\n\t\t\t<\/li>\n\n\t\t\n\t\t<\/ul>\n<\/div>\n\t<\/div>\n<\/div>\n<div class=\"fl-module fl-module-pp-iconlist fl-node-59a5d52b78303 popup-list\" data-node=\"59a5d52b78303\">\n\t<div class=\"fl-module-content fl-node-content\">\n\t\t\n<div class=\"pp-icon-list pp-user-agent-\">\n\t<ul class=\"pp-icon-list-items pp-list-type-icon\">\n\t\n\t\t\t<li class=\"pp-icon-list-item pp-icon-list-item-0\">\n\t\t\t\t<span class=\"pp-list-item-icon icon-innova-3\"><\/span>\n\t\t\t\t<span class=\"pp-list-item-text\">Liderazgo y autonom\u00eda \u2192 \u00bfC\u00f3mo participo en mi comunidad?<\/span>\n\t\t\t<\/li>\n\n\t\t\n\t\t<\/ul>\n<\/div>\n\t<\/div>\n<\/div>\n<div class=\"fl-module fl-module-pp-iconlist fl-node-59a5d52af057f popup-list\" data-node=\"59a5d52af057f\">\n\t<div class=\"fl-module-content fl-node-content\">\n\t\t\n<div class=\"pp-icon-list pp-user-agent-\">\n\t<ul class=\"pp-icon-list-items pp-list-type-icon\">\n\t\n\t\t\t<li class=\"pp-icon-list-item pp-icon-list-item-0\">\n\t\t\t\t<span class=\"pp-list-item-icon icon-innova-4\"><\/span>\n\t\t\t\t<span class=\"pp-list-item-text\">Estrategias de aprendizaje \u2192 \u00bfC\u00f3mo aprendo mejor?<\/span>\n\t\t\t<\/li>\n\n\t\t\n\t\t<\/ul>\n<\/div>\n\t<\/div>\n<\/div>\n<\/div>\n<\/div>\n\t<\/div>\n<\/div>\n<\/div>\n\t<\/div>\n\t\t<\/div>\n\t<\/div>\n<\/div>\n<\/div>\t\t\t\t\t<\/p>\n","protected":false},"excerpt":{"rendered":"<p>Colegio construidopara el aprendizaje La infraestructura de todos nuestros colegios es de \u00f3ptima calidad. Todos los colegios son construidos desde cero con materiales adecuados para el cuidado de los ni\u00f1os. Nuestra infraestructura es dise\u00f1ada para soportar el buen desarrollo de nuestra metodolog\u00eda, todas las aulas cuentan con carpetas grupales para el group learning, aulas multimedia&hellip;<\/p>\n","protected":false},"author":3,"featured_media":0,"parent":48,"menu_order":0,"comment_status":"closed","ping_status":"closed","template":"","meta":{"footnotes":""},"class_list":["post-185","page","type-page","status-publish","hentry"],"yoast_head":"<!-- This site is optimized with the Yoast SEO plugin v26.2 - https:\/\/yoast.com\/wordpress\/plugins\/seo\/ -->\n<title>Pilares - Colegios Innova Schools<\/title>\n<meta name=\"description\" content=\"Colegio construido para el aprendizaje. La infraestructura de todos nuestros colegios es de \u00f3ptima calidad. Todos los colegios son construidos desde cero.\" \/>\n<meta name=\"robots\" content=\"index, follow, max-snippet:-1, max-image-preview:large, max-video-preview:-1\" \/>\n<link rel=\"canonical\" href=\"https:\/\/www.innovaschools.edu.pe\/propuesta-educativa\/pilares\/\" \/>\n<meta property=\"og:locale\" content=\"es_ES\" \/>\n<meta property=\"og:type\" content=\"article\" \/>\n<meta property=\"og:title\" content=\"Pilares - Colegios Innova Schools\" \/>\n<meta property=\"og:description\" content=\"Colegio construido para el aprendizaje. La infraestructura de todos nuestros colegios es de \u00f3ptima calidad. Todos los colegios son construidos desde cero.\" \/>\n<meta property=\"og:url\" content=\"https:\/\/www.innovaschools.edu.pe\/propuesta-educativa\/pilares\/\" \/>\n<meta property=\"og:site_name\" content=\"Colegios Innova Schools\" \/>\n<meta property=\"article:modified_time\" content=\"2018-12-20T21:49:12+00:00\" \/>\n<meta name=\"twitter:card\" content=\"summary_large_image\" \/>\n<meta name=\"twitter:label1\" content=\"Tiempo de lectura\" \/>\n\t<meta name=\"twitter:data1\" content=\"1 minuto\" \/>\n<!-- \/ Yoast SEO plugin. -->","yoast_head_json":{"title":"Pilares - Colegios Innova Schools","description":"Colegio construido para el aprendizaje. La infraestructura de todos nuestros colegios es de \u00f3ptima calidad. Todos los colegios son construidos desde cero.","robots":{"index":"index","follow":"follow","max-snippet":"max-snippet:-1","max-image-preview":"max-image-preview:large","max-video-preview":"max-video-preview:-1"},"canonical":"https:\/\/www.innovaschools.edu.pe\/propuesta-educativa\/pilares\/","og_locale":"es_ES","og_type":"article","og_title":"Pilares - Colegios Innova Schools","og_description":"Colegio construido para el aprendizaje. La infraestructura de todos nuestros colegios es de \u00f3ptima calidad. Todos los colegios son construidos desde cero.","og_url":"https:\/\/www.innovaschools.edu.pe\/propuesta-educativa\/pilares\/","og_site_name":"Colegios Innova Schools","article_modified_time":"2018-12-20T21:49:12+00:00","twitter_card":"summary_large_image","twitter_misc":{"Tiempo de lectura":"1 minuto"},"schema":{"@context":"https:\/\/schema.org","@graph":[{"@type":"WebPage","@id":"https:\/\/www.innovaschools.edu.pe\/propuesta-educativa\/pilares\/","url":"https:\/\/www.innovaschools.edu.pe\/propuesta-educativa\/pilares\/","name":"Pilares - Colegios Innova Schools","isPartOf":{"@id":"https:\/\/www.innovaschools.edu.pe\/#website"},"datePublished":"2017-05-31T14:33:11+00:00","dateModified":"2018-12-20T21:49:12+00:00","description":"Colegio construido para el aprendizaje. La infraestructura de todos nuestros colegios es de \u00f3ptima calidad. Todos los colegios son construidos desde cero.","breadcrumb":{"@id":"https:\/\/www.innovaschools.edu.pe\/propuesta-educativa\/pilares\/#breadcrumb"},"inLanguage":"es","potentialAction":[{"@type":"ReadAction","target":["https:\/\/www.innovaschools.edu.pe\/propuesta-educativa\/pilares\/"]}]},{"@type":"BreadcrumbList","@id":"https:\/\/www.innovaschools.edu.pe\/propuesta-educativa\/pilares\/#breadcrumb","itemListElement":[{"@type":"ListItem","position":1,"name":"Home","item":"https:\/\/www.innovaschools.edu.pe\/"},{"@type":"ListItem","position":2,"name":"Propuesta Educativa","item":"https:\/\/www.innovaschools.edu.pe\/propuesta-educativa\/"},{"@type":"ListItem","position":3,"name":"Pilares"}]},{"@type":"WebSite","@id":"https:\/\/www.innovaschools.edu.pe\/#website","url":"https:\/\/www.innovaschools.edu.pe\/","name":"Colegios Innova Schools","description":"","publisher":{"@id":"https:\/\/www.innovaschools.edu.pe\/#organization"},"potentialAction":[{"@type":"SearchAction","target":{"@type":"EntryPoint","urlTemplate":"https:\/\/www.innovaschools.edu.pe\/?s={search_term_string}"},"query-input":{"@type":"PropertyValueSpecification","valueRequired":true,"valueName":"search_term_string"}}],"inLanguage":"es"},{"@type":"Organization","@id":"https:\/\/www.innovaschools.edu.pe\/#organization","name":"Colegios Innova Schools","url":"https:\/\/www.innovaschools.edu.pe\/","logo":{"@type":"ImageObject","inLanguage":"es","@id":"https:\/\/www.innovaschools.edu.pe\/#\/schema\/logo\/image\/","url":"https:\/\/www.innovaschools.edu.pe\/wp-content\/uploads\/2017\/05\/Innova-logo-normal.png","contentUrl":"https:\/\/www.innovaschools.edu.pe\/wp-content\/uploads\/2017\/05\/Innova-logo-normal.png","width":201,"height":91,"caption":"Colegios Innova Schools"},"image":{"@id":"https:\/\/www.innovaschools.edu.pe\/#\/schema\/logo\/image\/"}}]}},"_links":{"self":[{"href":"https:\/\/www.innovaschools.edu.pe\/legacy\/wp-json\/wp\/v2\/pages\/185","targetHints":{"allow":["GET"]}}],"collection":[{"href":"https:\/\/www.innovaschools.edu.pe\/legacy\/wp-json\/wp\/v2\/pages"}],"about":[{"href":"https:\/\/www.innovaschools.edu.pe\/legacy\/wp-json\/wp\/v2\/types\/page"}],"author":[{"embeddable":true,"href":"https:\/\/www.innovaschools.edu.pe\/legacy\/wp-json\/wp\/v2\/users\/3"}],"replies":[{"embeddable":true,"href":"https:\/\/www.innovaschools.edu.pe\/legacy\/wp-json\/wp\/v2\/comments?post=185"}],"version-history":[{"count":0,"href":"https:\/\/www.innovaschools.edu.pe\/legacy\/wp-json\/wp\/v2\/pages\/185\/revisions"}],"up":[{"embeddable":true,"href":"https:\/\/www.innovaschools.edu.pe\/legacy\/wp-json\/wp\/v2\/pages\/48"}],"wp:attachment":[{"href":"https:\/\/www.innovaschools.edu.pe\/legacy\/wp-json\/wp\/v2\/media?parent=185"}],"curies":[{"name":"wp","href":"https:\/\/api.w.org\/{rel}","templated":true}]}}